{"id":4084,"date":"2021-03-11T23:33:51","date_gmt":"2021-07-03T10:31:15","guid":{"rendered":"https:\/\/lafita.eu\/niet-gecategoriseerd\/auto-feuchtigkeitsabscheider-wiederverwendbar-anti-kondensation\/"},"modified":"2025-11-13T08:52:52","modified_gmt":"2025-11-13T07:52:52","slug":"lafita-auto-luftentfeuchter-400-gramm-wiederverwendbar-anti-kondensation","status":"publish","type":"product","link":"https:\/\/lafita.eu\/de\/product\/feuchte-eispflege\/auto-feuchtigkeitsabsorber\/lafita-auto-luftentfeuchter-400-gramm-wiederverwendbar-anti-kondensation\/","title":{"rendered":"Lafita Auto-Luftentfeuchter 400 Gramm wiederverwendbar \u2013 Anti-Kondensation"},"content":{"rendered":"<div class=\"fusion-fullwidth fullwidth-box fusion-builder-row-1 fusion-flex-container nonhundred-percent-fullwidth non-hundred-percent-height-scrolling\" style=\"--awb-border-radius-top-left:0px;--awb-border-radius-top-right:0px;--awb-border-radius-bottom-right:0px;--awb-border-radius-bottom-left:0px;--awb-flex-wrap:wrap;\" ><div class=\"fusion-builder-row fusion-row fusion-flex-align-items-flex-start fusion-flex-content-wrap\" style=\"max-width:1248px;margin-left: calc(-4% \/ 2 );margin-right: calc(-4% \/ 2 );\"><div class=\"fusion-layout-column fusion_builder_column fusion-builder-column-0 fusion_builder_column_1_1 1_1 fusion-flex-column\" style=\"--awb-bg-size:cover;--awb-width-large:100%;--awb-margin-top-large:0px;--awb-spacing-right-large:1.92%;--awb-margin-bottom-large:0px;--awb-spacing-left-large:1.92%;--awb-width-medium:100%;--awb-spacing-right-medium:1.92%;--awb-spacing-left-medium:1.92%;--awb-width-small:100%;--awb-spacing-right-small:1.92%;--awb-spacing-left-small:1.92%;\"><div class=\"fusion-column-wrapper fusion-flex-justify-content-flex-start fusion-content-layout-column\"><div class=\"fusion-text fusion-text-1\"><p><strong>Lafita Auto-Luftentfeuchter 400 Gramm wiederverwendbar \u2013 Anti-Kondensation<\/strong><\/p>\n<p>Dieser Auto-Feuchtigkeitsabsorber von Lafita ist wiederverwendbar. Bek\u00e4mpfen Sie mit dem Lafita-Luftentfeuchter Kondenswasser und beschlagene Scheiben in Ihrem Auto, Boot oder Wohnwagen. Der Luftentfeuchter von Lafita entfernt \u00fcbersch\u00fcssige Feuchtigkeit aus der Luft und speichert sie gut, ohne dass sie ausl\u00e4uft. Das Produkt kann \u00fcberall im Auto platziert werden.<\/p>\n<p>Der Lafita Auto-Luftentfeuchter 400 Gramm ist wiederverwendbar. Stellen Sie den vollen Lafita-Luftentfeuchter f\u00fcr 6 Minuten bei ca. 600 Watt in die Mikrowelle und dann ist er zur Wiederverwendung bereit. Leckt nicht!<\/p>\n<p>Ben\u00f6tigen Sie einen gr\u00f6\u00dferen Auto-Luftentfeuchter? Dann sollten Sie den <a href=\"https:\/\/lafita.eu\/de\/product\/feuchte-eispflege\/auto-feuchtigkeitsabsorber\/lafita-auto-luftentfeuchter-1kg-wiederverwendbar-anti_kondensation\/\">Lafita Auto-Luftentfeuchter 1 kg wiederverwendbar<\/a> in Betracht ziehen.<\/p>\n<p>Lafita ist eine Marke von <a href=\"https:\/\/dovox.nl\/nl\/merken\/lafita-humid\">Dovox BV<\/a> in Arnheim. Die Feuchtigkeitsabsorber und Nachf\u00fcller von Lafita werden in den Niederlanden hergestellt.<\/p>\n<\/div><\/div><\/div><\/div><\/div>\n","protected":false},"excerpt":{"rendered":"<p>Dieser Auto-Feuchtigkeitsabsorber von Lafita ist wiederverwendbar. Der Auto-Luftentfeuchter von Lafita entzieht der Luft Feuchtigkeit und bek\u00e4mpft Kondensation und beschlagene Scheiben in Ihrem Auto, Boot oder Wohnwagen. Der Feuchtigkeitsabsorber kann \u00fcberall platziert werden und leckt nicht. Sie k\u00f6nnen den Feuchtigkeitsabsorber f\u00fcr die Wiederverwendung in der Mikrowelle vorbereiten.<\/p>\n","protected":false},"featured_media":1699,"template":"","meta":[],"product_brand":[],"product_cat":[378,377,374],"product_tag":[],"class_list":{"0":"post-4084","1":"product","2":"type-product","3":"status-publish","4":"has-post-thumbnail","6":"product_cat-auto-feuchtigkeitsabsorber","7":"product_cat-feuchte-eispflege","8":"product_cat-luftentfeuchter-fur-autos","10":"first","11":"outofstock","12":"featured","13":"taxable","14":"shipping-taxable","15":"purchasable","16":"product-type-variable","17":"has-default-attributes"},"yoast_head":"<!-- This site is optimized with the Yoast SEO plugin v27.5 - https:\/\/yoast.com\/product\/yoast-seo-wordpress\/ -->\n<title>Lafita Auto-Luftentfeuchter 400 Gramm wiederverwendbar \u2013 Anti-Kondensation - Lafita<\/title>\n<meta name=\"description\" content=\"Wiederverwendbarer Lafita Auto-Luftentfeuchter 400 Gramm. Bek\u00e4mpft Kondenswasserbildung und beschlagene Scheiben im Auto. Boot oder Wohnwagen. Leckt nicht!\" \/>\n<meta name=\"robots\" content=\"index, follow, max-snippet:-1, max-image-preview:large, max-video-preview:-1\" \/>\n<link rel=\"canonical\" href=\"https:\/\/lafita.eu\/de\/product\/feuchte-eispflege\/auto-feuchtigkeitsabsorber\/lafita-auto-luftentfeuchter-400-gramm-wiederverwendbar-anti-kondensation\/\" \/>\n<meta property=\"og:locale\" content=\"de_DE\" \/>\n<meta property=\"og:type\" content=\"article\" \/>\n<meta property=\"og:title\" content=\"Lafita Auto-Luftentfeuchter 400 Gramm wiederverwendbar \u2013 Anti-Kondensation - Lafita\" \/>\n<meta property=\"og:description\" content=\"Wiederverwendbarer Lafita Auto-Luftentfeuchter 400 Gramm. Bek\u00e4mpft Kondenswasserbildung und beschlagene Scheiben im Auto. Boot oder Wohnwagen. Leckt nicht!\" \/>\n<meta property=\"og:url\" content=\"https:\/\/lafita.eu\/de\/product\/feuchte-eispflege\/auto-feuchtigkeitsabsorber\/lafita-auto-luftentfeuchter-400-gramm-wiederverwendbar-anti-kondensation\/\" \/>\n<meta property=\"og:site_name\" content=\"Lafita\" \/>\n<meta property=\"article:publisher\" content=\"https:\/\/www.facebook.com\/lafita.refresh.your.life\/\" \/>\n<meta property=\"article:modified_time\" content=\"2025-11-13T07:52:52+00:00\" \/>\n<meta property=\"og:image\" content=\"https:\/\/lafita.eu\/wp-content\/uploads\/2021\/03\/Lafita-Car-Dehumifier-400-gram.jpg\" \/>\n\t<meta property=\"og:image:width\" content=\"960\" \/>\n\t<meta property=\"og:image:height\" content=\"960\" \/>\n\t<meta property=\"og:image:type\" content=\"image\/jpeg\" \/>\n<meta name=\"twitter:card\" content=\"summary_large_image\" \/>\n<meta name=\"twitter:label1\" content=\"Gesch\u00e4tzte Lesezeit\" \/>\n\t<meta name=\"twitter:data1\" content=\"2\u00a0Minuten\" \/>\n<script type=\"application\/ld+json\" class=\"yoast-schema-graph\">{\"@context\":\"https:\\\/\\\/schema.org\",\"@graph\":[{\"@type\":\"WebPage\",\"@id\":\"https:\\\/\\\/lafita.eu\\\/de\\\/product\\\/feuchte-eispflege\\\/auto-feuchtigkeitsabsorber\\\/lafita-auto-luftentfeuchter-400-gramm-wiederverwendbar-anti-kondensation\\\/\",\"url\":\"https:\\\/\\\/lafita.eu\\\/de\\\/product\\\/feuchte-eispflege\\\/auto-feuchtigkeitsabsorber\\\/lafita-auto-luftentfeuchter-400-gramm-wiederverwendbar-anti-kondensation\\\/\",\"name\":\"Lafita Auto-Luftentfeuchter 400 Gramm wiederverwendbar \u2013 Anti-Kondensation - Lafita\",\"isPartOf\":{\"@id\":\"https:\\\/\\\/lafita.eu\\\/de\\\/#website\"},\"primaryImageOfPage\":{\"@id\":\"https:\\\/\\\/lafita.eu\\\/de\\\/product\\\/feuchte-eispflege\\\/auto-feuchtigkeitsabsorber\\\/lafita-auto-luftentfeuchter-400-gramm-wiederverwendbar-anti-kondensation\\\/#primaryimage\"},\"image\":{\"@id\":\"https:\\\/\\\/lafita.eu\\\/de\\\/product\\\/feuchte-eispflege\\\/auto-feuchtigkeitsabsorber\\\/lafita-auto-luftentfeuchter-400-gramm-wiederverwendbar-anti-kondensation\\\/#primaryimage\"},\"thumbnailUrl\":\"https:\\\/\\\/lafita.eu\\\/wp-content\\\/uploads\\\/2021\\\/03\\\/Lafita-Car-Dehumifier-400-gram.jpg\",\"datePublished\":\"2021-07-03T10:31:15+00:00\",\"dateModified\":\"2025-11-13T07:52:52+00:00\",\"description\":\"Wiederverwendbarer Lafita Auto-Luftentfeuchter 400 Gramm. Bek\u00e4mpft Kondenswasserbildung und beschlagene Scheiben im Auto. Boot oder Wohnwagen. Leckt nicht!\",\"breadcrumb\":{\"@id\":\"https:\\\/\\\/lafita.eu\\\/de\\\/product\\\/feuchte-eispflege\\\/auto-feuchtigkeitsabsorber\\\/lafita-auto-luftentfeuchter-400-gramm-wiederverwendbar-anti-kondensation\\\/#breadcrumb\"},\"inLanguage\":\"de\",\"potentialAction\":[{\"@type\":\"ReadAction\",\"target\":[\"https:\\\/\\\/lafita.eu\\\/de\\\/product\\\/feuchte-eispflege\\\/auto-feuchtigkeitsabsorber\\\/lafita-auto-luftentfeuchter-400-gramm-wiederverwendbar-anti-kondensation\\\/\"]}]},{\"@type\":\"ImageObject\",\"inLanguage\":\"de\",\"@id\":\"https:\\\/\\\/lafita.eu\\\/de\\\/product\\\/feuchte-eispflege\\\/auto-feuchtigkeitsabsorber\\\/lafita-auto-luftentfeuchter-400-gramm-wiederverwendbar-anti-kondensation\\\/#primaryimage\",\"url\":\"https:\\\/\\\/lafita.eu\\\/wp-content\\\/uploads\\\/2021\\\/03\\\/Lafita-Car-Dehumifier-400-gram.jpg\",\"contentUrl\":\"https:\\\/\\\/lafita.eu\\\/wp-content\\\/uploads\\\/2021\\\/03\\\/Lafita-Car-Dehumifier-400-gram.jpg\",\"width\":960,\"height\":960,\"caption\":\"Lafita Auto-Luftentfeuchter 400 Gramm wiederverwendbar \u2013 Anti-Kondensation\"},{\"@type\":\"BreadcrumbList\",\"@id\":\"https:\\\/\\\/lafita.eu\\\/de\\\/product\\\/feuchte-eispflege\\\/auto-feuchtigkeitsabsorber\\\/lafita-auto-luftentfeuchter-400-gramm-wiederverwendbar-anti-kondensation\\\/#breadcrumb\",\"itemListElement\":[{\"@type\":\"ListItem\",\"position\":1,\"name\":\"Home\",\"item\":\"https:\\\/\\\/lafita.eu\\\/de\\\/\"},{\"@type\":\"ListItem\",\"position\":2,\"name\":\"Produkte\",\"item\":\"https:\\\/\\\/lafita.eu\\\/de\\\/shop\\\/\"},{\"@type\":\"ListItem\",\"position\":3,\"name\":\"Lafita Auto-Luftentfeuchter 400 Gramm wiederverwendbar \u2013 Anti-Kondensation\"}]},{\"@type\":\"WebSite\",\"@id\":\"https:\\\/\\\/lafita.eu\\\/de\\\/#website\",\"url\":\"https:\\\/\\\/lafita.eu\\\/de\\\/\",\"name\":\"Lafita\",\"description\":\"Refresh Your Life\",\"publisher\":{\"@id\":\"https:\\\/\\\/lafita.eu\\\/de\\\/#organization\"},\"potentialAction\":[{\"@type\":\"SearchAction\",\"target\":{\"@type\":\"EntryPoint\",\"urlTemplate\":\"https:\\\/\\\/lafita.eu\\\/de\\\/?s={search_term_string}\"},\"query-input\":{\"@type\":\"PropertyValueSpecification\",\"valueRequired\":true,\"valueName\":\"search_term_string\"}}],\"inLanguage\":\"de\"},{\"@type\":\"Organization\",\"@id\":\"https:\\\/\\\/lafita.eu\\\/de\\\/#organization\",\"name\":\"Lafita\",\"url\":\"https:\\\/\\\/lafita.eu\\\/de\\\/\",\"logo\":{\"@type\":\"ImageObject\",\"inLanguage\":\"de\",\"@id\":\"https:\\\/\\\/lafita.eu\\\/de\\\/#\\\/schema\\\/logo\\\/image\\\/\",\"url\":\"\",\"contentUrl\":\"\",\"caption\":\"Lafita\"},\"image\":{\"@id\":\"https:\\\/\\\/lafita.eu\\\/de\\\/#\\\/schema\\\/logo\\\/image\\\/\"},\"sameAs\":[\"https:\\\/\\\/www.facebook.com\\\/lafita.refresh.your.life\\\/\",\"https:\\\/\\\/www.instagram.com\\\/lafita_official\\\/\",\"https:\\\/\\\/www.youtube.com\\\/@lafita8945\"]}]}<\/script>\n<!-- \/ Yoast SEO plugin. -->","yoast_head_json":{"title":"Lafita Auto-Luftentfeuchter 400 Gramm wiederverwendbar \u2013 Anti-Kondensation - Lafita","description":"Wiederverwendbarer Lafita Auto-Luftentfeuchter 400 Gramm. Bek\u00e4mpft Kondenswasserbildung und beschlagene Scheiben im Auto. Boot oder Wohnwagen. Leckt nicht!","robots":{"index":"index","follow":"follow","max-snippet":"max-snippet:-1","max-image-preview":"max-image-preview:large","max-video-preview":"max-video-preview:-1"},"canonical":"https:\/\/lafita.eu\/de\/product\/feuchte-eispflege\/auto-feuchtigkeitsabsorber\/lafita-auto-luftentfeuchter-400-gramm-wiederverwendbar-anti-kondensation\/","og_locale":"de_DE","og_type":"article","og_title":"Lafita Auto-Luftentfeuchter 400 Gramm wiederverwendbar \u2013 Anti-Kondensation - Lafita","og_description":"Wiederverwendbarer Lafita Auto-Luftentfeuchter 400 Gramm. Bek\u00e4mpft Kondenswasserbildung und beschlagene Scheiben im Auto. Boot oder Wohnwagen. Leckt nicht!","og_url":"https:\/\/lafita.eu\/de\/product\/feuchte-eispflege\/auto-feuchtigkeitsabsorber\/lafita-auto-luftentfeuchter-400-gramm-wiederverwendbar-anti-kondensation\/","og_site_name":"Lafita","article_publisher":"https:\/\/www.facebook.com\/lafita.refresh.your.life\/","article_modified_time":"2025-11-13T07:52:52+00:00","og_image":[{"width":960,"height":960,"url":"https:\/\/lafita.eu\/wp-content\/uploads\/2021\/03\/Lafita-Car-Dehumifier-400-gram.jpg","type":"image\/jpeg"}],"twitter_card":"summary_large_image","twitter_misc":{"Gesch\u00e4tzte Lesezeit":"2\u00a0Minuten"},"schema":{"@context":"https:\/\/schema.org","@graph":[{"@type":"WebPage","@id":"https:\/\/lafita.eu\/de\/product\/feuchte-eispflege\/auto-feuchtigkeitsabsorber\/lafita-auto-luftentfeuchter-400-gramm-wiederverwendbar-anti-kondensation\/","url":"https:\/\/lafita.eu\/de\/product\/feuchte-eispflege\/auto-feuchtigkeitsabsorber\/lafita-auto-luftentfeuchter-400-gramm-wiederverwendbar-anti-kondensation\/","name":"Lafita Auto-Luftentfeuchter 400 Gramm wiederverwendbar \u2013 Anti-Kondensation - Lafita","isPartOf":{"@id":"https:\/\/lafita.eu\/de\/#website"},"primaryImageOfPage":{"@id":"https:\/\/lafita.eu\/de\/product\/feuchte-eispflege\/auto-feuchtigkeitsabsorber\/lafita-auto-luftentfeuchter-400-gramm-wiederverwendbar-anti-kondensation\/#primaryimage"},"image":{"@id":"https:\/\/lafita.eu\/de\/product\/feuchte-eispflege\/auto-feuchtigkeitsabsorber\/lafita-auto-luftentfeuchter-400-gramm-wiederverwendbar-anti-kondensation\/#primaryimage"},"thumbnailUrl":"https:\/\/lafita.eu\/wp-content\/uploads\/2021\/03\/Lafita-Car-Dehumifier-400-gram.jpg","datePublished":"2021-07-03T10:31:15+00:00","dateModified":"2025-11-13T07:52:52+00:00","description":"Wiederverwendbarer Lafita Auto-Luftentfeuchter 400 Gramm. Bek\u00e4mpft Kondenswasserbildung und beschlagene Scheiben im Auto. Boot oder Wohnwagen. Leckt nicht!","breadcrumb":{"@id":"https:\/\/lafita.eu\/de\/product\/feuchte-eispflege\/auto-feuchtigkeitsabsorber\/lafita-auto-luftentfeuchter-400-gramm-wiederverwendbar-anti-kondensation\/#breadcrumb"},"inLanguage":"de","potentialAction":[{"@type":"ReadAction","target":["https:\/\/lafita.eu\/de\/product\/feuchte-eispflege\/auto-feuchtigkeitsabsorber\/lafita-auto-luftentfeuchter-400-gramm-wiederverwendbar-anti-kondensation\/"]}]},{"@type":"ImageObject","inLanguage":"de","@id":"https:\/\/lafita.eu\/de\/product\/feuchte-eispflege\/auto-feuchtigkeitsabsorber\/lafita-auto-luftentfeuchter-400-gramm-wiederverwendbar-anti-kondensation\/#primaryimage","url":"https:\/\/lafita.eu\/wp-content\/uploads\/2021\/03\/Lafita-Car-Dehumifier-400-gram.jpg","contentUrl":"https:\/\/lafita.eu\/wp-content\/uploads\/2021\/03\/Lafita-Car-Dehumifier-400-gram.jpg","width":960,"height":960,"caption":"Lafita Auto-Luftentfeuchter 400 Gramm wiederverwendbar \u2013 Anti-Kondensation"},{"@type":"BreadcrumbList","@id":"https:\/\/lafita.eu\/de\/product\/feuchte-eispflege\/auto-feuchtigkeitsabsorber\/lafita-auto-luftentfeuchter-400-gramm-wiederverwendbar-anti-kondensation\/#breadcrumb","itemListElement":[{"@type":"ListItem","position":1,"name":"Home","item":"https:\/\/lafita.eu\/de\/"},{"@type":"ListItem","position":2,"name":"Produkte","item":"https:\/\/lafita.eu\/de\/shop\/"},{"@type":"ListItem","position":3,"name":"Lafita Auto-Luftentfeuchter 400 Gramm wiederverwendbar \u2013 Anti-Kondensation"}]},{"@type":"WebSite","@id":"https:\/\/lafita.eu\/de\/#website","url":"https:\/\/lafita.eu\/de\/","name":"Lafita","description":"Refresh Your Life","publisher":{"@id":"https:\/\/lafita.eu\/de\/#organization"},"potentialAction":[{"@type":"SearchAction","target":{"@type":"EntryPoint","urlTemplate":"https:\/\/lafita.eu\/de\/?s={search_term_string}"},"query-input":{"@type":"PropertyValueSpecification","valueRequired":true,"valueName":"search_term_string"}}],"inLanguage":"de"},{"@type":"Organization","@id":"https:\/\/lafita.eu\/de\/#organization","name":"Lafita","url":"https:\/\/lafita.eu\/de\/","logo":{"@type":"ImageObject","inLanguage":"de","@id":"https:\/\/lafita.eu\/de\/#\/schema\/logo\/image\/","url":"","contentUrl":"","caption":"Lafita"},"image":{"@id":"https:\/\/lafita.eu\/de\/#\/schema\/logo\/image\/"},"sameAs":["https:\/\/www.facebook.com\/lafita.refresh.your.life\/","https:\/\/www.instagram.com\/lafita_official\/","https:\/\/www.youtube.com\/@lafita8945"]}]}},"_links":{"self":[{"href":"https:\/\/lafita.eu\/de\/wp-json\/wp\/v2\/product\/4084","targetHints":{"allow":["GET"]}}],"collection":[{"href":"https:\/\/lafita.eu\/de\/wp-json\/wp\/v2\/product"}],"about":[{"href":"https:\/\/lafita.eu\/de\/wp-json\/wp\/v2\/types\/product"}],"wp:featuredmedia":[{"embeddable":true,"href":"https:\/\/lafita.eu\/de\/wp-json\/wp\/v2\/media\/1699"}],"wp:attachment":[{"href":"https:\/\/lafita.eu\/de\/wp-json\/wp\/v2\/media?parent=4084"}],"wp:term":[{"taxonomy":"product_brand","embeddable":true,"href":"https:\/\/lafita.eu\/de\/wp-json\/wp\/v2\/product_brand?post=4084"},{"taxonomy":"product_cat","embeddable":true,"href":"https:\/\/lafita.eu\/de\/wp-json\/wp\/v2\/product_cat?post=4084"},{"taxonomy":"product_tag","embeddable":true,"href":"https:\/\/lafita.eu\/de\/wp-json\/wp\/v2\/product_tag?post=4084"}],"curies":[{"name":"wp","href":"https:\/\/api.w.org\/{rel}","templated":true}]}}