{"id":4089,"date":"2021-03-11T22:52:23","date_gmt":"2021-07-03T11:07:05","guid":{"rendered":"https:\/\/lafita.eu\/niet-gecategoriseerd\/feuchtigkeitsabscheider-starter-set-450-gramm-vorteilspackung-mit-12-nachfullpackung\/"},"modified":"2024-11-18T10:05:09","modified_gmt":"2024-11-18T09:05:09","slug":"feuchtigkeitsabsorber-starterset-450-gramm-vorteilspackung-mit-12-nachfullpackungen","status":"publish","type":"product","link":"https:\/\/lafita.eu\/de\/product\/feuchte-eispflege\/feuchtigkeitsabsorber\/feuchtigkeitsabsorber-starterset-450-gramm-vorteilspackung-mit-12-nachfullpackungen\/","title":{"rendered":"Lafita Feuchtigkeitsabsorber Starter Set 450 Gramm &#8211; Beh\u00e4lter mit 14 Nachf\u00fcllpackungen"},"content":{"rendered":"<div class=\"fusion-fullwidth fullwidth-box fusion-builder-row-1 fusion-flex-container nonhundred-percent-fullwidth non-hundred-percent-height-scrolling\" style=\"--awb-border-radius-top-left:0px;--awb-border-radius-top-right:0px;--awb-border-radius-bottom-right:0px;--awb-border-radius-bottom-left:0px;--awb-flex-wrap:wrap;\" ><div class=\"fusion-builder-row fusion-row fusion-flex-align-items-flex-start fusion-flex-content-wrap\" style=\"max-width:1248px;margin-left: calc(-4% \/ 2 );margin-right: calc(-4% \/ 2 );\"><div class=\"fusion-layout-column fusion_builder_column fusion-builder-column-0 fusion_builder_column_1_1 1_1 fusion-flex-column\" style=\"--awb-bg-size:cover;--awb-width-large:100%;--awb-margin-top-large:0px;--awb-spacing-right-large:1.92%;--awb-margin-bottom-large:0px;--awb-spacing-left-large:1.92%;--awb-width-medium:100%;--awb-spacing-right-medium:1.92%;--awb-spacing-left-medium:1.92%;--awb-width-small:100%;--awb-spacing-right-small:1.92%;--awb-spacing-left-small:1.92%;\"><div class=\"fusion-column-wrapper fusion-flex-justify-content-flex-start fusion-content-layout-column\"><div class=\"fusion-text fusion-text-1\"><p><strong>Lafita Moisture Absorber Starter Set 450 Gramm \u2013 Vorteilspack mit 14 Nachf\u00fcllpackungen<\/strong><\/p>\n<p>Der Feuchtigkeitsabsorber entzieht dem Raum die Feuchtigkeit und sammelt sie im Beh\u00e4lter. Wenn der Feuchtigkeitsabsorberbeutel leer und der Beh\u00e4lter mit Wasser gef\u00fcllt ist, k\u00f6nnen Sie den Beh\u00e4lter leeren und einen Nachf\u00fcllbeutel in den Feuchtigkeitsabsorberbeh\u00e4lter legen. Eine Nachf\u00fcllung reicht ca. 1-3 Monate. Dieses Lafita Feuchtigkeitsabsorber-Starterset 450 Gramm enth\u00e4lt den Beh\u00e4lter mit 14 Nachf\u00fcllungen. So kommen Sie lange voran!<\/p>\n<p>Suchen Sie ein kleineres Set? Dann w\u00e4hlen Sie den <a href=\"https:\/\/lafita.eu\/de\/product\/feuchte-eispflege\/feuchtigkeitsabsorber\/lafita-feuchtigkeitsabsorber-450-gramm-behalter-mit-2-nachfullungen\/\">Lafita Feuchtigkeitsabsorber von 450 Gramm mit 2 Nachf\u00fcllungen<\/a><\/p>\n<p>Ben\u00f6tigen Sie nur Nachf\u00fcllbeutel? Dann denken Sie \u00fcber die erschwingliche <a href=\"https:\/\/lafita.eu\/de\/product\/feuchte-eispflege\/feuchtigkeitsabsorber\/feuchtigkeitsabsorber-nachfullung-450-gramm-xl-vorteilspackung-12-stuck\/\">Feuchtigkeitsf\u00e4nger-Nachf\u00fcllung 450 Gramm nach XXL-Paket mit 12 Beuteln<\/a> (auch erh\u00e4ltlich in <a href=\"https:\/\/lafita.eu\/de\/product\/feuchte-eispflege\/feuchtigkeitsabsorber\/feuchtigkeitsabscheider-nachfullpackung-450-gramm-lavender-xxl-vorteilspackung-12-stuck\/\">Lavendelduft<\/a>)<\/p>\n<p>Lafita ist eine Marke von <a href=\"https:\/\/dovox.nl\/de\/marken\/lafita\">Dovox BV<\/a> in Arnheim. Die Feuchtigkeitsabsorber und Nachf\u00fcller von Lafita werden in den Niederlanden hergestellt.<\/p>\n<\/div><\/div><\/div><\/div><\/div>\n","protected":false},"excerpt":{"rendered":"<p>Leiden Sie unter viel Feuchtigkeit in Ihrem Zuhause? Zum Beispiel in Ihrem Badezimmer, WC, Wohnzimmer oder Schlafzimmer? Platzieren Sie in jedem Raum einen Feuchtigkeitsabsorber!<\/p>\n<p>Dieses Vorteilspack enth\u00e4lt insgesamt 14 Nachf\u00fcllpackungen.<\/p>\n","protected":false},"featured_media":1774,"template":"","meta":[],"product_brand":[],"product_cat":[377,379],"product_tag":[],"class_list":{"0":"post-4089","1":"product","2":"type-product","3":"status-publish","4":"has-post-thumbnail","6":"product_cat-feuchte-eispflege","7":"product_cat-feuchtigkeitsabsorber","9":"first","10":"outofstock","11":"featured","12":"taxable","13":"shipping-taxable","14":"purchasable","15":"product-type-variable","16":"has-default-attributes"},"yoast_head":"<!-- This site is optimized with the Yoast SEO plugin v27.5 - https:\/\/yoast.com\/product\/yoast-seo-wordpress\/ -->\n<title>Lafita Feuchtigkeitsabsorber Starter Set 450 Gramm - Beh\u00e4lter mit 14 Nachf\u00fcllpackungen - Lafita<\/title>\n<meta name=\"description\" content=\"Leiden Sie unter Feuchtigkeit in Ihrem Zuhause? Installieren Sie einen Feuchtigkeitsabsorber! Dieses Lafita Feuchtigkeitsabsorber-Starterset 450 Gramm enth\u00e4lt den Beh\u00e4lter mit 12 Nachf\u00fcllungen. So kommen Sie lange voran!\" \/>\n<meta name=\"robots\" content=\"index, follow, max-snippet:-1, max-image-preview:large, max-video-preview:-1\" \/>\n<link rel=\"canonical\" href=\"https:\/\/lafita.eu\/de\/product\/feuchte-eispflege\/feuchtigkeitsabsorber\/feuchtigkeitsabsorber-starterset-450-gramm-vorteilspackung-mit-12-nachfullpackungen\/\" \/>\n<meta property=\"og:locale\" content=\"de_DE\" \/>\n<meta property=\"og:type\" content=\"article\" \/>\n<meta property=\"og:title\" content=\"Lafita Feuchtigkeitsabsorber Starter Set 450 Gramm - Beh\u00e4lter mit 14 Nachf\u00fcllpackungen - Lafita\" \/>\n<meta property=\"og:description\" content=\"Leiden Sie unter Feuchtigkeit in Ihrem Zuhause? Installieren Sie einen Feuchtigkeitsabsorber! Dieses Lafita Feuchtigkeitsabsorber-Starterset 450 Gramm enth\u00e4lt den Beh\u00e4lter mit 12 Nachf\u00fcllungen. So kommen Sie lange voran!\" \/>\n<meta property=\"og:url\" content=\"https:\/\/lafita.eu\/de\/product\/feuchte-eispflege\/feuchtigkeitsabsorber\/feuchtigkeitsabsorber-starterset-450-gramm-vorteilspackung-mit-12-nachfullpackungen\/\" \/>\n<meta property=\"og:site_name\" content=\"Lafita\" \/>\n<meta property=\"article:publisher\" content=\"https:\/\/www.facebook.com\/lafita.refresh.your.life\/\" \/>\n<meta property=\"article:modified_time\" content=\"2024-11-18T09:05:09+00:00\" \/>\n<meta property=\"og:image\" content=\"https:\/\/lafita.eu\/wp-content\/uploads\/2021\/03\/Lafita-Humid-Absorber-450gram-ORG.jpg\" \/>\n\t<meta property=\"og:image:width\" content=\"960\" \/>\n\t<meta property=\"og:image:height\" content=\"960\" \/>\n\t<meta property=\"og:image:type\" content=\"image\/jpeg\" \/>\n<meta name=\"twitter:card\" content=\"summary_large_image\" \/>\n<meta name=\"twitter:label1\" content=\"Gesch\u00e4tzte Lesezeit\" \/>\n\t<meta name=\"twitter:data1\" content=\"2\u00a0Minuten\" \/>\n<script type=\"application\/ld+json\" class=\"yoast-schema-graph\">{\"@context\":\"https:\\\/\\\/schema.org\",\"@graph\":[{\"@type\":\"WebPage\",\"@id\":\"https:\\\/\\\/lafita.eu\\\/de\\\/product\\\/feuchte-eispflege\\\/feuchtigkeitsabsorber\\\/feuchtigkeitsabsorber-starterset-450-gramm-vorteilspackung-mit-12-nachfullpackungen\\\/\",\"url\":\"https:\\\/\\\/lafita.eu\\\/de\\\/product\\\/feuchte-eispflege\\\/feuchtigkeitsabsorber\\\/feuchtigkeitsabsorber-starterset-450-gramm-vorteilspackung-mit-12-nachfullpackungen\\\/\",\"name\":\"Lafita Feuchtigkeitsabsorber Starter Set 450 Gramm - Beh\u00e4lter mit 14 Nachf\u00fcllpackungen - Lafita\",\"isPartOf\":{\"@id\":\"https:\\\/\\\/lafita.eu\\\/de\\\/#website\"},\"primaryImageOfPage\":{\"@id\":\"https:\\\/\\\/lafita.eu\\\/de\\\/product\\\/feuchte-eispflege\\\/feuchtigkeitsabsorber\\\/feuchtigkeitsabsorber-starterset-450-gramm-vorteilspackung-mit-12-nachfullpackungen\\\/#primaryimage\"},\"image\":{\"@id\":\"https:\\\/\\\/lafita.eu\\\/de\\\/product\\\/feuchte-eispflege\\\/feuchtigkeitsabsorber\\\/feuchtigkeitsabsorber-starterset-450-gramm-vorteilspackung-mit-12-nachfullpackungen\\\/#primaryimage\"},\"thumbnailUrl\":\"https:\\\/\\\/lafita.eu\\\/wp-content\\\/uploads\\\/2021\\\/03\\\/Lafita-Humid-Absorber-450gram-ORG.jpg\",\"datePublished\":\"2021-07-03T11:07:05+00:00\",\"dateModified\":\"2024-11-18T09:05:09+00:00\",\"description\":\"Leiden Sie unter Feuchtigkeit in Ihrem Zuhause? Installieren Sie einen Feuchtigkeitsabsorber! Dieses Lafita Feuchtigkeitsabsorber-Starterset 450 Gramm enth\u00e4lt den Beh\u00e4lter mit 12 Nachf\u00fcllungen. So kommen Sie lange voran!\",\"breadcrumb\":{\"@id\":\"https:\\\/\\\/lafita.eu\\\/de\\\/product\\\/feuchte-eispflege\\\/feuchtigkeitsabsorber\\\/feuchtigkeitsabsorber-starterset-450-gramm-vorteilspackung-mit-12-nachfullpackungen\\\/#breadcrumb\"},\"inLanguage\":\"de\",\"potentialAction\":[{\"@type\":\"ReadAction\",\"target\":[\"https:\\\/\\\/lafita.eu\\\/de\\\/product\\\/feuchte-eispflege\\\/feuchtigkeitsabsorber\\\/feuchtigkeitsabsorber-starterset-450-gramm-vorteilspackung-mit-12-nachfullpackungen\\\/\"]}]},{\"@type\":\"ImageObject\",\"inLanguage\":\"de\",\"@id\":\"https:\\\/\\\/lafita.eu\\\/de\\\/product\\\/feuchte-eispflege\\\/feuchtigkeitsabsorber\\\/feuchtigkeitsabsorber-starterset-450-gramm-vorteilspackung-mit-12-nachfullpackungen\\\/#primaryimage\",\"url\":\"https:\\\/\\\/lafita.eu\\\/wp-content\\\/uploads\\\/2021\\\/03\\\/Lafita-Humid-Absorber-450gram-ORG.jpg\",\"contentUrl\":\"https:\\\/\\\/lafita.eu\\\/wp-content\\\/uploads\\\/2021\\\/03\\\/Lafita-Humid-Absorber-450gram-ORG.jpg\",\"width\":960,\"height\":960,\"caption\":\"Lafita Feuchtigkeitsabscheider 450 gramm\"},{\"@type\":\"BreadcrumbList\",\"@id\":\"https:\\\/\\\/lafita.eu\\\/de\\\/product\\\/feuchte-eispflege\\\/feuchtigkeitsabsorber\\\/feuchtigkeitsabsorber-starterset-450-gramm-vorteilspackung-mit-12-nachfullpackungen\\\/#breadcrumb\",\"itemListElement\":[{\"@type\":\"ListItem\",\"position\":1,\"name\":\"Home\",\"item\":\"https:\\\/\\\/lafita.eu\\\/de\\\/\"},{\"@type\":\"ListItem\",\"position\":2,\"name\":\"Produkte\",\"item\":\"https:\\\/\\\/lafita.eu\\\/de\\\/shop\\\/\"},{\"@type\":\"ListItem\",\"position\":3,\"name\":\"Lafita Feuchtigkeitsabsorber Starter Set 450 Gramm &#8211; Beh\u00e4lter mit 14 Nachf\u00fcllpackungen\"}]},{\"@type\":\"WebSite\",\"@id\":\"https:\\\/\\\/lafita.eu\\\/de\\\/#website\",\"url\":\"https:\\\/\\\/lafita.eu\\\/de\\\/\",\"name\":\"Lafita\",\"description\":\"Refresh Your Life\",\"publisher\":{\"@id\":\"https:\\\/\\\/lafita.eu\\\/de\\\/#organization\"},\"potentialAction\":[{\"@type\":\"SearchAction\",\"target\":{\"@type\":\"EntryPoint\",\"urlTemplate\":\"https:\\\/\\\/lafita.eu\\\/de\\\/?s={search_term_string}\"},\"query-input\":{\"@type\":\"PropertyValueSpecification\",\"valueRequired\":true,\"valueName\":\"search_term_string\"}}],\"inLanguage\":\"de\"},{\"@type\":\"Organization\",\"@id\":\"https:\\\/\\\/lafita.eu\\\/de\\\/#organization\",\"name\":\"Lafita\",\"url\":\"https:\\\/\\\/lafita.eu\\\/de\\\/\",\"logo\":{\"@type\":\"ImageObject\",\"inLanguage\":\"de\",\"@id\":\"https:\\\/\\\/lafita.eu\\\/de\\\/#\\\/schema\\\/logo\\\/image\\\/\",\"url\":\"\",\"contentUrl\":\"\",\"caption\":\"Lafita\"},\"image\":{\"@id\":\"https:\\\/\\\/lafita.eu\\\/de\\\/#\\\/schema\\\/logo\\\/image\\\/\"},\"sameAs\":[\"https:\\\/\\\/www.facebook.com\\\/lafita.refresh.your.life\\\/\",\"https:\\\/\\\/www.instagram.com\\\/lafita_official\\\/\",\"https:\\\/\\\/www.youtube.com\\\/@lafita8945\"]}]}<\/script>\n<!-- \/ Yoast SEO plugin. -->","yoast_head_json":{"title":"Lafita Feuchtigkeitsabsorber Starter Set 450 Gramm - Beh\u00e4lter mit 14 Nachf\u00fcllpackungen - Lafita","description":"Leiden Sie unter Feuchtigkeit in Ihrem Zuhause? Installieren Sie einen Feuchtigkeitsabsorber! Dieses Lafita Feuchtigkeitsabsorber-Starterset 450 Gramm enth\u00e4lt den Beh\u00e4lter mit 12 Nachf\u00fcllungen. So kommen Sie lange voran!","robots":{"index":"index","follow":"follow","max-snippet":"max-snippet:-1","max-image-preview":"max-image-preview:large","max-video-preview":"max-video-preview:-1"},"canonical":"https:\/\/lafita.eu\/de\/product\/feuchte-eispflege\/feuchtigkeitsabsorber\/feuchtigkeitsabsorber-starterset-450-gramm-vorteilspackung-mit-12-nachfullpackungen\/","og_locale":"de_DE","og_type":"article","og_title":"Lafita Feuchtigkeitsabsorber Starter Set 450 Gramm - Beh\u00e4lter mit 14 Nachf\u00fcllpackungen - Lafita","og_description":"Leiden Sie unter Feuchtigkeit in Ihrem Zuhause? Installieren Sie einen Feuchtigkeitsabsorber! Dieses Lafita Feuchtigkeitsabsorber-Starterset 450 Gramm enth\u00e4lt den Beh\u00e4lter mit 12 Nachf\u00fcllungen. So kommen Sie lange voran!","og_url":"https:\/\/lafita.eu\/de\/product\/feuchte-eispflege\/feuchtigkeitsabsorber\/feuchtigkeitsabsorber-starterset-450-gramm-vorteilspackung-mit-12-nachfullpackungen\/","og_site_name":"Lafita","article_publisher":"https:\/\/www.facebook.com\/lafita.refresh.your.life\/","article_modified_time":"2024-11-18T09:05:09+00:00","og_image":[{"width":960,"height":960,"url":"https:\/\/lafita.eu\/wp-content\/uploads\/2021\/03\/Lafita-Humid-Absorber-450gram-ORG.jpg","type":"image\/jpeg"}],"twitter_card":"summary_large_image","twitter_misc":{"Gesch\u00e4tzte Lesezeit":"2\u00a0Minuten"},"schema":{"@context":"https:\/\/schema.org","@graph":[{"@type":"WebPage","@id":"https:\/\/lafita.eu\/de\/product\/feuchte-eispflege\/feuchtigkeitsabsorber\/feuchtigkeitsabsorber-starterset-450-gramm-vorteilspackung-mit-12-nachfullpackungen\/","url":"https:\/\/lafita.eu\/de\/product\/feuchte-eispflege\/feuchtigkeitsabsorber\/feuchtigkeitsabsorber-starterset-450-gramm-vorteilspackung-mit-12-nachfullpackungen\/","name":"Lafita Feuchtigkeitsabsorber Starter Set 450 Gramm - Beh\u00e4lter mit 14 Nachf\u00fcllpackungen - Lafita","isPartOf":{"@id":"https:\/\/lafita.eu\/de\/#website"},"primaryImageOfPage":{"@id":"https:\/\/lafita.eu\/de\/product\/feuchte-eispflege\/feuchtigkeitsabsorber\/feuchtigkeitsabsorber-starterset-450-gramm-vorteilspackung-mit-12-nachfullpackungen\/#primaryimage"},"image":{"@id":"https:\/\/lafita.eu\/de\/product\/feuchte-eispflege\/feuchtigkeitsabsorber\/feuchtigkeitsabsorber-starterset-450-gramm-vorteilspackung-mit-12-nachfullpackungen\/#primaryimage"},"thumbnailUrl":"https:\/\/lafita.eu\/wp-content\/uploads\/2021\/03\/Lafita-Humid-Absorber-450gram-ORG.jpg","datePublished":"2021-07-03T11:07:05+00:00","dateModified":"2024-11-18T09:05:09+00:00","description":"Leiden Sie unter Feuchtigkeit in Ihrem Zuhause? Installieren Sie einen Feuchtigkeitsabsorber! Dieses Lafita Feuchtigkeitsabsorber-Starterset 450 Gramm enth\u00e4lt den Beh\u00e4lter mit 12 Nachf\u00fcllungen. So kommen Sie lange voran!","breadcrumb":{"@id":"https:\/\/lafita.eu\/de\/product\/feuchte-eispflege\/feuchtigkeitsabsorber\/feuchtigkeitsabsorber-starterset-450-gramm-vorteilspackung-mit-12-nachfullpackungen\/#breadcrumb"},"inLanguage":"de","potentialAction":[{"@type":"ReadAction","target":["https:\/\/lafita.eu\/de\/product\/feuchte-eispflege\/feuchtigkeitsabsorber\/feuchtigkeitsabsorber-starterset-450-gramm-vorteilspackung-mit-12-nachfullpackungen\/"]}]},{"@type":"ImageObject","inLanguage":"de","@id":"https:\/\/lafita.eu\/de\/product\/feuchte-eispflege\/feuchtigkeitsabsorber\/feuchtigkeitsabsorber-starterset-450-gramm-vorteilspackung-mit-12-nachfullpackungen\/#primaryimage","url":"https:\/\/lafita.eu\/wp-content\/uploads\/2021\/03\/Lafita-Humid-Absorber-450gram-ORG.jpg","contentUrl":"https:\/\/lafita.eu\/wp-content\/uploads\/2021\/03\/Lafita-Humid-Absorber-450gram-ORG.jpg","width":960,"height":960,"caption":"Lafita Feuchtigkeitsabscheider 450 gramm"},{"@type":"BreadcrumbList","@id":"https:\/\/lafita.eu\/de\/product\/feuchte-eispflege\/feuchtigkeitsabsorber\/feuchtigkeitsabsorber-starterset-450-gramm-vorteilspackung-mit-12-nachfullpackungen\/#breadcrumb","itemListElement":[{"@type":"ListItem","position":1,"name":"Home","item":"https:\/\/lafita.eu\/de\/"},{"@type":"ListItem","position":2,"name":"Produkte","item":"https:\/\/lafita.eu\/de\/shop\/"},{"@type":"ListItem","position":3,"name":"Lafita Feuchtigkeitsabsorber Starter Set 450 Gramm &#8211; Beh\u00e4lter mit 14 Nachf\u00fcllpackungen"}]},{"@type":"WebSite","@id":"https:\/\/lafita.eu\/de\/#website","url":"https:\/\/lafita.eu\/de\/","name":"Lafita","description":"Refresh Your Life","publisher":{"@id":"https:\/\/lafita.eu\/de\/#organization"},"potentialAction":[{"@type":"SearchAction","target":{"@type":"EntryPoint","urlTemplate":"https:\/\/lafita.eu\/de\/?s={search_term_string}"},"query-input":{"@type":"PropertyValueSpecification","valueRequired":true,"valueName":"search_term_string"}}],"inLanguage":"de"},{"@type":"Organization","@id":"https:\/\/lafita.eu\/de\/#organization","name":"Lafita","url":"https:\/\/lafita.eu\/de\/","logo":{"@type":"ImageObject","inLanguage":"de","@id":"https:\/\/lafita.eu\/de\/#\/schema\/logo\/image\/","url":"","contentUrl":"","caption":"Lafita"},"image":{"@id":"https:\/\/lafita.eu\/de\/#\/schema\/logo\/image\/"},"sameAs":["https:\/\/www.facebook.com\/lafita.refresh.your.life\/","https:\/\/www.instagram.com\/lafita_official\/","https:\/\/www.youtube.com\/@lafita8945"]}]}},"_links":{"self":[{"href":"https:\/\/lafita.eu\/de\/wp-json\/wp\/v2\/product\/4089","targetHints":{"allow":["GET"]}}],"collection":[{"href":"https:\/\/lafita.eu\/de\/wp-json\/wp\/v2\/product"}],"about":[{"href":"https:\/\/lafita.eu\/de\/wp-json\/wp\/v2\/types\/product"}],"wp:featuredmedia":[{"embeddable":true,"href":"https:\/\/lafita.eu\/de\/wp-json\/wp\/v2\/media\/1774"}],"wp:attachment":[{"href":"https:\/\/lafita.eu\/de\/wp-json\/wp\/v2\/media?parent=4089"}],"wp:term":[{"taxonomy":"product_brand","embeddable":true,"href":"https:\/\/lafita.eu\/de\/wp-json\/wp\/v2\/product_brand?post=4089"},{"taxonomy":"product_cat","embeddable":true,"href":"https:\/\/lafita.eu\/de\/wp-json\/wp\/v2\/product_cat?post=4089"},{"taxonomy":"product_tag","embeddable":true,"href":"https:\/\/lafita.eu\/de\/wp-json\/wp\/v2\/product_tag?post=4089"}],"curies":[{"name":"wp","href":"https:\/\/api.w.org\/{rel}","templated":true}]}}