{"id":5149,"date":"2021-07-13T16:39:33","date_gmt":"2021-07-13T14:39:34","guid":{"rendered":"https:\/\/lafita.eu\/?post_type=product&#038;p=5149"},"modified":"2024-11-01T14:32:22","modified_gmt":"2024-11-01T13:32:22","slug":"feuchtigkeitsabscheider-nachfullpackung-450-gramm-lavender-xxl-vorteilspackung-12-stuck","status":"publish","type":"product","link":"https:\/\/lafita.eu\/de\/product\/feuchte-eispflege\/feuchtigkeitsabsorber\/feuchtigkeitsabscheider-nachfullpackung-450-gramm-lavender-xxl-vorteilspackung-12-stuck\/","title":{"rendered":"Lafita Feuchtigkeitsabsorber Nachf\u00fcllung Lavendel 450 Gramm \u2013 XXL-Vorteilspackung 12 St\u00fcck"},"content":{"rendered":"<div class=\"fusion-fullwidth fullwidth-box fusion-builder-row-1 fusion-flex-container nonhundred-percent-fullwidth non-hundred-percent-height-scrolling\" style=\"--awb-border-radius-top-left:0px;--awb-border-radius-top-right:0px;--awb-border-radius-bottom-right:0px;--awb-border-radius-bottom-left:0px;--awb-flex-wrap:wrap;\" ><div class=\"fusion-builder-row fusion-row fusion-flex-align-items-flex-start fusion-flex-content-wrap\" style=\"max-width:1248px;margin-left: calc(-4% \/ 2 );margin-right: calc(-4% \/ 2 );\"><div class=\"fusion-layout-column fusion_builder_column fusion-builder-column-0 fusion_builder_column_1_1 1_1 fusion-flex-column\" style=\"--awb-bg-size:cover;--awb-width-large:100%;--awb-margin-top-large:0px;--awb-spacing-right-large:1.92%;--awb-margin-bottom-large:0px;--awb-spacing-left-large:1.92%;--awb-width-medium:100%;--awb-spacing-right-medium:1.92%;--awb-spacing-left-medium:1.92%;--awb-width-small:100%;--awb-spacing-right-small:1.92%;--awb-spacing-left-small:1.92%;\"><div class=\"fusion-column-wrapper fusion-flex-justify-content-flex-start fusion-content-layout-column\"><div class=\"fusion-text fusion-text-1\"><p><strong>Lafita Feuchtigkeitsabsorber Nachf\u00fcllung Lavendel 450 Gramm \u2013 XXL-Vorteilspackung 12 St\u00fcck<\/strong><\/p>\n<p>Leiden Sie unter viel Feuchtigkeit in Ihrem Zuhause? Zum Beispiel in Ihrem Badezimmer, WC, Wohnzimmer oder Schlafzimmer? Platzieren Sie in jedem Raum einen Feuchtigkeitsabsorber! Der Feuchtigkeitsabsorber entzieht dem Raum die Feuchtigkeit und sammelt sie im Beh\u00e4lter. Wenn der Feuchtigkeitsabsorberbeutel leer und der Beh\u00e4lter mit Wasser gef\u00fcllt ist, k\u00f6nnen Sie den Beh\u00e4lter leeren und einen Nachf\u00fcllbeutel in den Feuchtigkeitsabsorberbeh\u00e4lter legen. Eine Nachf\u00fcllung des Feuchtigkeitsabsorbers reicht etwa 1\u20133 Monate.<\/p>\n<p>Diese Packung enth\u00e4lt 12 St\u00fcck Lafita Feuchtigkeitsabsorber Nachf\u00fclllavendel 450 Gramm. Ein wunderbar frischer Duft, der lange anh\u00e4lt!<\/p>\n<p>Dieses Paket enth\u00e4lt NICHT die Feuchtigkeitsabsorberschale selbst. Wenn Sie dies noch nicht haben, schauen Sie sich unsere <a href=\"https:\/\/lafita.eu\/humidity-icecare\/vochtvanger-starterset-450-gram-voordeelpakket-met-12-navullingen\/\" target=\"_blank\" rel=\"noopener\">Starterset inklusive Container<\/a> an!<\/p>\n<p>Bevorzugen Sie Nachf\u00fcllpackungen mit neutralem Duft? Dann ziehen Sie die preisg\u00fcnstige <a href=\"https:\/\/lafita.eu\/product\/humidity-icecare\/vochtvangers\/vochtvanger-navulling-450-gram-xxl-voordeelpakket-12-stuks\/\">Lafita Feuchtigkeitsabsorber-Nachf\u00fcllung neutral 450 Gramm XXL-Packung mit 12 Beuteln<\/a> in Betracht.<\/p>\n<p>Lafita ist eine Marke von <a href=\"https:\/\/dovox.nl\/nl\/merken\/lafita-humid\">Dovox BV<\/a> in Arnheim. Die Feuchtigkeitsabsorber und Nachf\u00fcller von Lafita werden in den Niederlanden hergestellt.<\/p>\n<\/div><\/div><\/div><\/div><\/div>\n","protected":false},"excerpt":{"rendered":"<p>Leiden Sie unter viel Feuchtigkeit in Ihrem Zuhause? Zum Beispiel in Ihrem Badezimmer, WC, Wohnzimmer oder Schlafzimmer? Platzieren Sie in jedem Raum einen Feuchtigkeitsabsorber! Dieses Paket enth\u00e4lt 12 Nachf\u00fcller mit dem wunderbar frischen Duft Lavendel. So kommen Sie lange voran!<\/p>\n","protected":false},"featured_media":8086,"template":"","meta":[],"product_brand":[],"product_cat":[377,379],"product_tag":[368,502],"class_list":{"0":"post-5149","1":"product","2":"type-product","3":"status-publish","4":"has-post-thumbnail","6":"product_cat-feuchte-eispflege","7":"product_cat-feuchtigkeitsabsorber","8":"product_tag-blumig","9":"product_tag-suess","11":"first","12":"outofstock","13":"taxable","14":"shipping-taxable","15":"purchasable","16":"product-type-variable","17":"has-default-attributes"},"yoast_head":"<!-- This site is optimized with the Yoast SEO plugin v27.5 - https:\/\/yoast.com\/product\/yoast-seo-wordpress\/ -->\n<title>Feuchtigkeitsabsorber Nachf\u00fcllung Lavendel 450 Gramm - Vorteilspaket - Lafita<\/title>\n<meta name=\"description\" content=\"Leiden Sie unter viel Feuchtigkeit in Ihrem Zuhause? Platzieren Sie in jedem Raum einen Feuchtigkeitsabsorber. Dieser Lafita Feuchtigkeitsabsorber Nachf\u00fcller Lavendel 450 Gramm hat einen frischen Duft. Jetzt bestellen!\" \/>\n<meta name=\"robots\" content=\"index, follow, max-snippet:-1, max-image-preview:large, max-video-preview:-1\" \/>\n<link rel=\"canonical\" href=\"https:\/\/lafita.eu\/de\/product\/feuchte-eispflege\/feuchtigkeitsabsorber\/feuchtigkeitsabscheider-nachfullpackung-450-gramm-lavender-xxl-vorteilspackung-12-stuck\/\" \/>\n<meta property=\"og:locale\" content=\"de_DE\" \/>\n<meta property=\"og:type\" content=\"article\" \/>\n<meta property=\"og:title\" content=\"Feuchtigkeitsabsorber Nachf\u00fcllung Lavendel 450 Gramm - Vorteilspaket - Lafita\" \/>\n<meta property=\"og:description\" content=\"Leiden Sie unter viel Feuchtigkeit in Ihrem Zuhause? Platzieren Sie in jedem Raum einen Feuchtigkeitsabsorber. Dieser Lafita Feuchtigkeitsabsorber Nachf\u00fcller Lavendel 450 Gramm hat einen frischen Duft. Jetzt bestellen!\" \/>\n<meta property=\"og:url\" content=\"https:\/\/lafita.eu\/de\/product\/feuchte-eispflege\/feuchtigkeitsabsorber\/feuchtigkeitsabscheider-nachfullpackung-450-gramm-lavender-xxl-vorteilspackung-12-stuck\/\" \/>\n<meta property=\"og:site_name\" content=\"Lafita\" \/>\n<meta property=\"article:publisher\" content=\"https:\/\/www.facebook.com\/lafita.refresh.your.life\/\" \/>\n<meta property=\"article:modified_time\" content=\"2024-11-01T13:32:22+00:00\" \/>\n<meta property=\"og:image\" content=\"https:\/\/lafita.eu\/wp-content\/uploads\/2021\/07\/Lafita_12x450_lavendel.jpg\" \/>\n\t<meta property=\"og:image:width\" content=\"979\" \/>\n\t<meta property=\"og:image:height\" content=\"685\" \/>\n\t<meta property=\"og:image:type\" content=\"image\/jpeg\" \/>\n<meta name=\"twitter:card\" content=\"summary_large_image\" \/>\n<meta name=\"twitter:label1\" content=\"Gesch\u00e4tzte Lesezeit\" \/>\n\t<meta name=\"twitter:data1\" content=\"2\u00a0Minuten\" \/>\n<script type=\"application\/ld+json\" class=\"yoast-schema-graph\">{\"@context\":\"https:\\\/\\\/schema.org\",\"@graph\":[{\"@type\":\"WebPage\",\"@id\":\"https:\\\/\\\/lafita.eu\\\/de\\\/product\\\/feuchte-eispflege\\\/feuchtigkeitsabsorber\\\/feuchtigkeitsabscheider-nachfullpackung-450-gramm-lavender-xxl-vorteilspackung-12-stuck\\\/\",\"url\":\"https:\\\/\\\/lafita.eu\\\/de\\\/product\\\/feuchte-eispflege\\\/feuchtigkeitsabsorber\\\/feuchtigkeitsabscheider-nachfullpackung-450-gramm-lavender-xxl-vorteilspackung-12-stuck\\\/\",\"name\":\"Feuchtigkeitsabsorber Nachf\u00fcllung Lavendel 450 Gramm - Vorteilspaket - Lafita\",\"isPartOf\":{\"@id\":\"https:\\\/\\\/lafita.eu\\\/de\\\/#website\"},\"primaryImageOfPage\":{\"@id\":\"https:\\\/\\\/lafita.eu\\\/de\\\/product\\\/feuchte-eispflege\\\/feuchtigkeitsabsorber\\\/feuchtigkeitsabscheider-nachfullpackung-450-gramm-lavender-xxl-vorteilspackung-12-stuck\\\/#primaryimage\"},\"image\":{\"@id\":\"https:\\\/\\\/lafita.eu\\\/de\\\/product\\\/feuchte-eispflege\\\/feuchtigkeitsabsorber\\\/feuchtigkeitsabscheider-nachfullpackung-450-gramm-lavender-xxl-vorteilspackung-12-stuck\\\/#primaryimage\"},\"thumbnailUrl\":\"https:\\\/\\\/lafita.eu\\\/wp-content\\\/uploads\\\/2021\\\/07\\\/Lafita_12x450_lavendel.jpg\",\"datePublished\":\"2021-07-13T14:39:34+00:00\",\"dateModified\":\"2024-11-01T13:32:22+00:00\",\"description\":\"Leiden Sie unter viel Feuchtigkeit in Ihrem Zuhause? Platzieren Sie in jedem Raum einen Feuchtigkeitsabsorber. Dieser Lafita Feuchtigkeitsabsorber Nachf\u00fcller Lavendel 450 Gramm hat einen frischen Duft. Jetzt bestellen!\",\"breadcrumb\":{\"@id\":\"https:\\\/\\\/lafita.eu\\\/de\\\/product\\\/feuchte-eispflege\\\/feuchtigkeitsabsorber\\\/feuchtigkeitsabscheider-nachfullpackung-450-gramm-lavender-xxl-vorteilspackung-12-stuck\\\/#breadcrumb\"},\"inLanguage\":\"de\",\"potentialAction\":[{\"@type\":\"ReadAction\",\"target\":[\"https:\\\/\\\/lafita.eu\\\/de\\\/product\\\/feuchte-eispflege\\\/feuchtigkeitsabsorber\\\/feuchtigkeitsabscheider-nachfullpackung-450-gramm-lavender-xxl-vorteilspackung-12-stuck\\\/\"]}]},{\"@type\":\"ImageObject\",\"inLanguage\":\"de\",\"@id\":\"https:\\\/\\\/lafita.eu\\\/de\\\/product\\\/feuchte-eispflege\\\/feuchtigkeitsabsorber\\\/feuchtigkeitsabscheider-nachfullpackung-450-gramm-lavender-xxl-vorteilspackung-12-stuck\\\/#primaryimage\",\"url\":\"https:\\\/\\\/lafita.eu\\\/wp-content\\\/uploads\\\/2021\\\/07\\\/Lafita_12x450_lavendel.jpg\",\"contentUrl\":\"https:\\\/\\\/lafita.eu\\\/wp-content\\\/uploads\\\/2021\\\/07\\\/Lafita_12x450_lavendel.jpg\",\"width\":979,\"height\":685},{\"@type\":\"BreadcrumbList\",\"@id\":\"https:\\\/\\\/lafita.eu\\\/de\\\/product\\\/feuchte-eispflege\\\/feuchtigkeitsabsorber\\\/feuchtigkeitsabscheider-nachfullpackung-450-gramm-lavender-xxl-vorteilspackung-12-stuck\\\/#breadcrumb\",\"itemListElement\":[{\"@type\":\"ListItem\",\"position\":1,\"name\":\"Home\",\"item\":\"https:\\\/\\\/lafita.eu\\\/de\\\/\"},{\"@type\":\"ListItem\",\"position\":2,\"name\":\"Produkte\",\"item\":\"https:\\\/\\\/lafita.eu\\\/de\\\/shop\\\/\"},{\"@type\":\"ListItem\",\"position\":3,\"name\":\"Lafita Feuchtigkeitsabsorber Nachf\u00fcllung Lavendel 450 Gramm \u2013 XXL-Vorteilspackung 12 St\u00fcck\"}]},{\"@type\":\"WebSite\",\"@id\":\"https:\\\/\\\/lafita.eu\\\/de\\\/#website\",\"url\":\"https:\\\/\\\/lafita.eu\\\/de\\\/\",\"name\":\"Lafita\",\"description\":\"Refresh Your Life\",\"publisher\":{\"@id\":\"https:\\\/\\\/lafita.eu\\\/de\\\/#organization\"},\"potentialAction\":[{\"@type\":\"SearchAction\",\"target\":{\"@type\":\"EntryPoint\",\"urlTemplate\":\"https:\\\/\\\/lafita.eu\\\/de\\\/?s={search_term_string}\"},\"query-input\":{\"@type\":\"PropertyValueSpecification\",\"valueRequired\":true,\"valueName\":\"search_term_string\"}}],\"inLanguage\":\"de\"},{\"@type\":\"Organization\",\"@id\":\"https:\\\/\\\/lafita.eu\\\/de\\\/#organization\",\"name\":\"Lafita\",\"url\":\"https:\\\/\\\/lafita.eu\\\/de\\\/\",\"logo\":{\"@type\":\"ImageObject\",\"inLanguage\":\"de\",\"@id\":\"https:\\\/\\\/lafita.eu\\\/de\\\/#\\\/schema\\\/logo\\\/image\\\/\",\"url\":\"\",\"contentUrl\":\"\",\"caption\":\"Lafita\"},\"image\":{\"@id\":\"https:\\\/\\\/lafita.eu\\\/de\\\/#\\\/schema\\\/logo\\\/image\\\/\"},\"sameAs\":[\"https:\\\/\\\/www.facebook.com\\\/lafita.refresh.your.life\\\/\",\"https:\\\/\\\/www.instagram.com\\\/lafita_official\\\/\",\"https:\\\/\\\/www.youtube.com\\\/@lafita8945\"]}]}<\/script>\n<!-- \/ Yoast SEO plugin. -->","yoast_head_json":{"title":"Feuchtigkeitsabsorber Nachf\u00fcllung Lavendel 450 Gramm - Vorteilspaket - Lafita","description":"Leiden Sie unter viel Feuchtigkeit in Ihrem Zuhause? Platzieren Sie in jedem Raum einen Feuchtigkeitsabsorber. Dieser Lafita Feuchtigkeitsabsorber Nachf\u00fcller Lavendel 450 Gramm hat einen frischen Duft. Jetzt bestellen!","robots":{"index":"index","follow":"follow","max-snippet":"max-snippet:-1","max-image-preview":"max-image-preview:large","max-video-preview":"max-video-preview:-1"},"canonical":"https:\/\/lafita.eu\/de\/product\/feuchte-eispflege\/feuchtigkeitsabsorber\/feuchtigkeitsabscheider-nachfullpackung-450-gramm-lavender-xxl-vorteilspackung-12-stuck\/","og_locale":"de_DE","og_type":"article","og_title":"Feuchtigkeitsabsorber Nachf\u00fcllung Lavendel 450 Gramm - Vorteilspaket - Lafita","og_description":"Leiden Sie unter viel Feuchtigkeit in Ihrem Zuhause? Platzieren Sie in jedem Raum einen Feuchtigkeitsabsorber. Dieser Lafita Feuchtigkeitsabsorber Nachf\u00fcller Lavendel 450 Gramm hat einen frischen Duft. Jetzt bestellen!","og_url":"https:\/\/lafita.eu\/de\/product\/feuchte-eispflege\/feuchtigkeitsabsorber\/feuchtigkeitsabscheider-nachfullpackung-450-gramm-lavender-xxl-vorteilspackung-12-stuck\/","og_site_name":"Lafita","article_publisher":"https:\/\/www.facebook.com\/lafita.refresh.your.life\/","article_modified_time":"2024-11-01T13:32:22+00:00","og_image":[{"width":979,"height":685,"url":"https:\/\/lafita.eu\/wp-content\/uploads\/2021\/07\/Lafita_12x450_lavendel.jpg","type":"image\/jpeg"}],"twitter_card":"summary_large_image","twitter_misc":{"Gesch\u00e4tzte Lesezeit":"2\u00a0Minuten"},"schema":{"@context":"https:\/\/schema.org","@graph":[{"@type":"WebPage","@id":"https:\/\/lafita.eu\/de\/product\/feuchte-eispflege\/feuchtigkeitsabsorber\/feuchtigkeitsabscheider-nachfullpackung-450-gramm-lavender-xxl-vorteilspackung-12-stuck\/","url":"https:\/\/lafita.eu\/de\/product\/feuchte-eispflege\/feuchtigkeitsabsorber\/feuchtigkeitsabscheider-nachfullpackung-450-gramm-lavender-xxl-vorteilspackung-12-stuck\/","name":"Feuchtigkeitsabsorber Nachf\u00fcllung Lavendel 450 Gramm - Vorteilspaket - Lafita","isPartOf":{"@id":"https:\/\/lafita.eu\/de\/#website"},"primaryImageOfPage":{"@id":"https:\/\/lafita.eu\/de\/product\/feuchte-eispflege\/feuchtigkeitsabsorber\/feuchtigkeitsabscheider-nachfullpackung-450-gramm-lavender-xxl-vorteilspackung-12-stuck\/#primaryimage"},"image":{"@id":"https:\/\/lafita.eu\/de\/product\/feuchte-eispflege\/feuchtigkeitsabsorber\/feuchtigkeitsabscheider-nachfullpackung-450-gramm-lavender-xxl-vorteilspackung-12-stuck\/#primaryimage"},"thumbnailUrl":"https:\/\/lafita.eu\/wp-content\/uploads\/2021\/07\/Lafita_12x450_lavendel.jpg","datePublished":"2021-07-13T14:39:34+00:00","dateModified":"2024-11-01T13:32:22+00:00","description":"Leiden Sie unter viel Feuchtigkeit in Ihrem Zuhause? Platzieren Sie in jedem Raum einen Feuchtigkeitsabsorber. Dieser Lafita Feuchtigkeitsabsorber Nachf\u00fcller Lavendel 450 Gramm hat einen frischen Duft. Jetzt bestellen!","breadcrumb":{"@id":"https:\/\/lafita.eu\/de\/product\/feuchte-eispflege\/feuchtigkeitsabsorber\/feuchtigkeitsabscheider-nachfullpackung-450-gramm-lavender-xxl-vorteilspackung-12-stuck\/#breadcrumb"},"inLanguage":"de","potentialAction":[{"@type":"ReadAction","target":["https:\/\/lafita.eu\/de\/product\/feuchte-eispflege\/feuchtigkeitsabsorber\/feuchtigkeitsabscheider-nachfullpackung-450-gramm-lavender-xxl-vorteilspackung-12-stuck\/"]}]},{"@type":"ImageObject","inLanguage":"de","@id":"https:\/\/lafita.eu\/de\/product\/feuchte-eispflege\/feuchtigkeitsabsorber\/feuchtigkeitsabscheider-nachfullpackung-450-gramm-lavender-xxl-vorteilspackung-12-stuck\/#primaryimage","url":"https:\/\/lafita.eu\/wp-content\/uploads\/2021\/07\/Lafita_12x450_lavendel.jpg","contentUrl":"https:\/\/lafita.eu\/wp-content\/uploads\/2021\/07\/Lafita_12x450_lavendel.jpg","width":979,"height":685},{"@type":"BreadcrumbList","@id":"https:\/\/lafita.eu\/de\/product\/feuchte-eispflege\/feuchtigkeitsabsorber\/feuchtigkeitsabscheider-nachfullpackung-450-gramm-lavender-xxl-vorteilspackung-12-stuck\/#breadcrumb","itemListElement":[{"@type":"ListItem","position":1,"name":"Home","item":"https:\/\/lafita.eu\/de\/"},{"@type":"ListItem","position":2,"name":"Produkte","item":"https:\/\/lafita.eu\/de\/shop\/"},{"@type":"ListItem","position":3,"name":"Lafita Feuchtigkeitsabsorber Nachf\u00fcllung Lavendel 450 Gramm \u2013 XXL-Vorteilspackung 12 St\u00fcck"}]},{"@type":"WebSite","@id":"https:\/\/lafita.eu\/de\/#website","url":"https:\/\/lafita.eu\/de\/","name":"Lafita","description":"Refresh Your Life","publisher":{"@id":"https:\/\/lafita.eu\/de\/#organization"},"potentialAction":[{"@type":"SearchAction","target":{"@type":"EntryPoint","urlTemplate":"https:\/\/lafita.eu\/de\/?s={search_term_string}"},"query-input":{"@type":"PropertyValueSpecification","valueRequired":true,"valueName":"search_term_string"}}],"inLanguage":"de"},{"@type":"Organization","@id":"https:\/\/lafita.eu\/de\/#organization","name":"Lafita","url":"https:\/\/lafita.eu\/de\/","logo":{"@type":"ImageObject","inLanguage":"de","@id":"https:\/\/lafita.eu\/de\/#\/schema\/logo\/image\/","url":"","contentUrl":"","caption":"Lafita"},"image":{"@id":"https:\/\/lafita.eu\/de\/#\/schema\/logo\/image\/"},"sameAs":["https:\/\/www.facebook.com\/lafita.refresh.your.life\/","https:\/\/www.instagram.com\/lafita_official\/","https:\/\/www.youtube.com\/@lafita8945"]}]}},"_links":{"self":[{"href":"https:\/\/lafita.eu\/de\/wp-json\/wp\/v2\/product\/5149","targetHints":{"allow":["GET"]}}],"collection":[{"href":"https:\/\/lafita.eu\/de\/wp-json\/wp\/v2\/product"}],"about":[{"href":"https:\/\/lafita.eu\/de\/wp-json\/wp\/v2\/types\/product"}],"wp:featuredmedia":[{"embeddable":true,"href":"https:\/\/lafita.eu\/de\/wp-json\/wp\/v2\/media\/8086"}],"wp:attachment":[{"href":"https:\/\/lafita.eu\/de\/wp-json\/wp\/v2\/media?parent=5149"}],"wp:term":[{"taxonomy":"product_brand","embeddable":true,"href":"https:\/\/lafita.eu\/de\/wp-json\/wp\/v2\/product_brand?post=5149"},{"taxonomy":"product_cat","embeddable":true,"href":"https:\/\/lafita.eu\/de\/wp-json\/wp\/v2\/product_cat?post=5149"},{"taxonomy":"product_tag","embeddable":true,"href":"https:\/\/lafita.eu\/de\/wp-json\/wp\/v2\/product_tag?post=5149"}],"curies":[{"name":"wp","href":"https:\/\/api.w.org\/{rel}","templated":true}]}}