{"id":5200,"date":"2021-07-14T09:06:51","date_gmt":"2021-07-14T07:06:51","guid":{"rendered":"https:\/\/lafita.eu\/?post_type=product&#038;p=5200"},"modified":"2025-12-21T12:16:44","modified_gmt":"2025-12-21T11:16:44","slug":"feuchtigkeitsabsorber-nachfuellung-1200-gramm-xxl-vorteilspackung-8-stueck","status":"publish","type":"product","link":"https:\/\/lafita.eu\/de\/product\/feuchte-eispflege\/feuchtigkeitsabsorber\/feuchtigkeitsabsorber-nachfuellung-1200-gramm-xxl-vorteilspackung-8-stueck\/","title":{"rendered":"Lafita Feuchtigkeitsabsorber Nachf\u00fcllpackung 1200 Gramm \u2013 XL-Vorteilspackung 10 St\u00fcck"},"content":{"rendered":"<div class=\"fusion-fullwidth fullwidth-box fusion-builder-row-1 fusion-flex-container nonhundred-percent-fullwidth non-hundred-percent-height-scrolling\" style=\"--awb-border-radius-top-left:0px;--awb-border-radius-top-right:0px;--awb-border-radius-bottom-right:0px;--awb-border-radius-bottom-left:0px;--awb-flex-wrap:wrap;\" ><div class=\"fusion-builder-row fusion-row fusion-flex-align-items-flex-start fusion-flex-content-wrap\" style=\"max-width:1248px;margin-left: calc(-4% \/ 2 );margin-right: calc(-4% \/ 2 );\"><div class=\"fusion-layout-column fusion_builder_column fusion-builder-column-0 fusion_builder_column_1_1 1_1 fusion-flex-column\" style=\"--awb-bg-size:cover;--awb-width-large:100%;--awb-margin-top-large:0px;--awb-spacing-right-large:1.92%;--awb-margin-bottom-large:0px;--awb-spacing-left-large:1.92%;--awb-width-medium:100%;--awb-spacing-right-medium:1.92%;--awb-spacing-left-medium:1.92%;--awb-width-small:100%;--awb-spacing-right-small:1.92%;--awb-spacing-left-small:1.92%;\"><div class=\"fusion-column-wrapper fusion-flex-justify-content-flex-start fusion-content-layout-column\"><div class=\"fusion-text fusion-text-1\"><p><strong>Lafita Feuchtigkeitsabsorber Nachf\u00fcllpackung 1200 Gramm \u2013 XL-Vorteilspackung 10 St\u00fcck<\/strong><\/p>\n<p>Leiden Sie unter viel Feuchtigkeit in Ihrem Zuhause? Zum Beispiel in Ihrem Badezimmer, WC, Wohnzimmer oder Schlafzimmer? Platzieren Sie in jedem Raum einen Lafita-Feuchtigkeitsabsorber! Der Feuchtigkeitsabsorber entzieht dem Raum die Feuchtigkeit und sammelt sie im Beh\u00e4lter. Wenn der Feuchtigkeitsabsorberbeutel leer und der Beh\u00e4lter mit Wasser gef\u00fcllt ist, k\u00f6nnen Sie den Beh\u00e4lter leeren und einen Nachf\u00fcllbeutel in den Feuchtigkeitsabsorberbeh\u00e4lter legen.<\/p>\n<p>Diese Packung enth\u00e4lt 10 St\u00fcck Lafita Feuchtigkeitsabsorber, Nachf\u00fcllpackung \u00e0 1200 Gramm. So k\u00f6nnen Sie besonders lange durchhalten!<\/p>\n<p>Dieses Paket enth\u00e4lt NICHT die Feuchtigkeitsabsorberschale selbst. Wenn Sie dies noch nicht haben, schauen Sie sich unser <a href=\"https:\/\/lafita.eu\/humidity-icecare\/vochtvanger-starterset-900-gram-voordeelpakket-met-10-navullingen\/\">Starterset inklusive an Beh\u00e4lter<\/a> an!<\/p>\n<p>Diese Nachf\u00fcllung ist universell und kann beispielsweise in der <a href=\"https:\/\/lafita.eu\/de\/product\/feuchtigkeitsabsorber-starterset-900-gramm-vorteilspackung-mit-10-nachfullpackungen\/\">besonders g\u00fcnstiges Starterset mit 900 Gramm<\/a> oder das <a href=\"https:\/\/lafita.eu\/de\/product\/feuchtigkeitsabsorber-starterset-450-gramm-vorteilspackung-mit-12-nachfullpackungen\/\">besonders g\u00fcnstiges Starterset mit 450 Gramm<\/a> verwendet werden.<\/p>\n<p>Lafita ist eine Marke von <a href=\"https:\/\/dovox.nl\/nl\/merken\/lafita-humid\">Dovox BV<\/a> in Arnheim. Die Feuchtigkeitsabsorber und Nachf\u00fcller von Lafita werden in den Niederlanden hergestellt.<\/p>\n<\/div><\/div><\/div><\/div><\/div>\n","protected":false},"excerpt":{"rendered":"<p>Platzieren Sie in jedem Raum einen Lafia-Feuchtigkeitsabsorber, wenn in Ihrem Zuhause viel Feuchtigkeit herrscht.<\/p>\n<p>Extra gro\u00dfe Nachf\u00fcllpackung mit 1200 Gramm. Diese Nachf\u00fcllung ist universell und kann beispielsweise in der <a href=\"https:\/\/lafita.eu\/product\/humidity-icecare\/vochtvangers\/vochtvanger-starterset-900-gram-voordeelpakket-met-10-navullingen\/\">Starterset mit 900 Gramm<\/a>.<\/p>\n<p>Diese Packung enth\u00e4lt 10 Nachf\u00fcllpackungen \u00e0 1200 Gramm. So kommen Sie lange voran!<\/p>\n","protected":false},"featured_media":7498,"template":"","meta":[],"product_brand":[],"product_cat":[377,379],"product_tag":[],"class_list":{"0":"post-5200","1":"product","2":"type-product","3":"status-publish","4":"has-post-thumbnail","6":"product_cat-feuchte-eispflege","7":"product_cat-feuchtigkeitsabsorber","9":"first","10":"outofstock","11":"featured","12":"taxable","13":"shipping-taxable","14":"purchasable","15":"product-type-variable","16":"has-default-attributes"},"yoast_head":"<!-- This site is optimized with the Yoast SEO plugin v27.5 - https:\/\/yoast.com\/product\/yoast-seo-wordpress\/ -->\n<title>Lafita Feuchtigkeitsabsorber Nachf\u00fcllpackung 10 x 1200 Gramm<\/title>\n<meta name=\"description\" content=\"Leiden Sie unter Feuchtigkeit in Ihrem Zuhause? Benutze die Lafita-Feuchtigkeitsabsorber. Extra gro\u00dfen Nachf\u00fcllung von 1200 Gramm.\" \/>\n<meta name=\"robots\" content=\"index, follow, max-snippet:-1, max-image-preview:large, max-video-preview:-1\" \/>\n<link rel=\"canonical\" href=\"https:\/\/lafita.eu\/de\/product\/feuchte-eispflege\/feuchtigkeitsabsorber\/feuchtigkeitsabsorber-nachfuellung-1200-gramm-xxl-vorteilspackung-8-stueck\/\" \/>\n<meta property=\"og:locale\" content=\"de_DE\" \/>\n<meta property=\"og:type\" content=\"article\" \/>\n<meta property=\"og:title\" content=\"Lafita Feuchtigkeitsabsorber Nachf\u00fcllpackung 10 x 1200 Gramm\" \/>\n<meta property=\"og:description\" content=\"Leiden Sie unter Feuchtigkeit in Ihrem Zuhause? Benutze die Lafita-Feuchtigkeitsabsorber. Extra gro\u00dfen Nachf\u00fcllung von 1200 Gramm.\" \/>\n<meta property=\"og:url\" content=\"https:\/\/lafita.eu\/de\/product\/feuchte-eispflege\/feuchtigkeitsabsorber\/feuchtigkeitsabsorber-nachfuellung-1200-gramm-xxl-vorteilspackung-8-stueck\/\" \/>\n<meta property=\"og:site_name\" content=\"Lafita\" \/>\n<meta property=\"article:publisher\" content=\"https:\/\/www.facebook.com\/lafita.refresh.your.life\/\" \/>\n<meta property=\"article:modified_time\" content=\"2025-12-21T11:16:44+00:00\" \/>\n<meta property=\"og:image\" content=\"https:\/\/lafita.eu\/wp-content\/uploads\/2021\/07\/LafitaVochtvangerNavulling1200gram.jpg\" \/>\n\t<meta property=\"og:image:width\" content=\"876\" \/>\n\t<meta property=\"og:image:height\" content=\"769\" \/>\n\t<meta property=\"og:image:type\" content=\"image\/jpeg\" \/>\n<meta name=\"twitter:card\" content=\"summary_large_image\" \/>\n<meta name=\"twitter:label1\" content=\"Gesch\u00e4tzte Lesezeit\" \/>\n\t<meta name=\"twitter:data1\" content=\"1\u00a0Minute\" \/>\n<script type=\"application\/ld+json\" class=\"yoast-schema-graph\">{\"@context\":\"https:\\\/\\\/schema.org\",\"@graph\":[{\"@type\":\"WebPage\",\"@id\":\"https:\\\/\\\/lafita.eu\\\/de\\\/product\\\/feuchte-eispflege\\\/feuchtigkeitsabsorber\\\/feuchtigkeitsabsorber-nachfuellung-1200-gramm-xxl-vorteilspackung-8-stueck\\\/\",\"url\":\"https:\\\/\\\/lafita.eu\\\/de\\\/product\\\/feuchte-eispflege\\\/feuchtigkeitsabsorber\\\/feuchtigkeitsabsorber-nachfuellung-1200-gramm-xxl-vorteilspackung-8-stueck\\\/\",\"name\":\"Lafita Feuchtigkeitsabsorber Nachf\u00fcllpackung 10 x 1200 Gramm\",\"isPartOf\":{\"@id\":\"https:\\\/\\\/lafita.eu\\\/de\\\/#website\"},\"primaryImageOfPage\":{\"@id\":\"https:\\\/\\\/lafita.eu\\\/de\\\/product\\\/feuchte-eispflege\\\/feuchtigkeitsabsorber\\\/feuchtigkeitsabsorber-nachfuellung-1200-gramm-xxl-vorteilspackung-8-stueck\\\/#primaryimage\"},\"image\":{\"@id\":\"https:\\\/\\\/lafita.eu\\\/de\\\/product\\\/feuchte-eispflege\\\/feuchtigkeitsabsorber\\\/feuchtigkeitsabsorber-nachfuellung-1200-gramm-xxl-vorteilspackung-8-stueck\\\/#primaryimage\"},\"thumbnailUrl\":\"https:\\\/\\\/lafita.eu\\\/wp-content\\\/uploads\\\/2021\\\/07\\\/LafitaVochtvangerNavulling1200gram.jpg\",\"datePublished\":\"2021-07-14T07:06:51+00:00\",\"dateModified\":\"2025-12-21T11:16:44+00:00\",\"description\":\"Leiden Sie unter Feuchtigkeit in Ihrem Zuhause? Benutze die Lafita-Feuchtigkeitsabsorber. Extra gro\u00dfen Nachf\u00fcllung von 1200 Gramm.\",\"breadcrumb\":{\"@id\":\"https:\\\/\\\/lafita.eu\\\/de\\\/product\\\/feuchte-eispflege\\\/feuchtigkeitsabsorber\\\/feuchtigkeitsabsorber-nachfuellung-1200-gramm-xxl-vorteilspackung-8-stueck\\\/#breadcrumb\"},\"inLanguage\":\"de\",\"potentialAction\":[{\"@type\":\"ReadAction\",\"target\":[\"https:\\\/\\\/lafita.eu\\\/de\\\/product\\\/feuchte-eispflege\\\/feuchtigkeitsabsorber\\\/feuchtigkeitsabsorber-nachfuellung-1200-gramm-xxl-vorteilspackung-8-stueck\\\/\"]}]},{\"@type\":\"ImageObject\",\"inLanguage\":\"de\",\"@id\":\"https:\\\/\\\/lafita.eu\\\/de\\\/product\\\/feuchte-eispflege\\\/feuchtigkeitsabsorber\\\/feuchtigkeitsabsorber-nachfuellung-1200-gramm-xxl-vorteilspackung-8-stueck\\\/#primaryimage\",\"url\":\"https:\\\/\\\/lafita.eu\\\/wp-content\\\/uploads\\\/2021\\\/07\\\/LafitaVochtvangerNavulling1200gram.jpg\",\"contentUrl\":\"https:\\\/\\\/lafita.eu\\\/wp-content\\\/uploads\\\/2021\\\/07\\\/LafitaVochtvangerNavulling1200gram.jpg\",\"width\":876,\"height\":769,\"caption\":\"Lafita Vochtvanger Navulling 1200 gram - XL Voordeelpakket 8 stuks\"},{\"@type\":\"BreadcrumbList\",\"@id\":\"https:\\\/\\\/lafita.eu\\\/de\\\/product\\\/feuchte-eispflege\\\/feuchtigkeitsabsorber\\\/feuchtigkeitsabsorber-nachfuellung-1200-gramm-xxl-vorteilspackung-8-stueck\\\/#breadcrumb\",\"itemListElement\":[{\"@type\":\"ListItem\",\"position\":1,\"name\":\"Home\",\"item\":\"https:\\\/\\\/lafita.eu\\\/de\\\/\"},{\"@type\":\"ListItem\",\"position\":2,\"name\":\"Produkte\",\"item\":\"https:\\\/\\\/lafita.eu\\\/de\\\/shop\\\/\"},{\"@type\":\"ListItem\",\"position\":3,\"name\":\"Lafita Feuchtigkeitsabsorber Nachf\u00fcllpackung 1200 Gramm \u2013 XL-Vorteilspackung 10 St\u00fcck\"}]},{\"@type\":\"WebSite\",\"@id\":\"https:\\\/\\\/lafita.eu\\\/de\\\/#website\",\"url\":\"https:\\\/\\\/lafita.eu\\\/de\\\/\",\"name\":\"Lafita\",\"description\":\"Refresh Your Life\",\"publisher\":{\"@id\":\"https:\\\/\\\/lafita.eu\\\/de\\\/#organization\"},\"potentialAction\":[{\"@type\":\"SearchAction\",\"target\":{\"@type\":\"EntryPoint\",\"urlTemplate\":\"https:\\\/\\\/lafita.eu\\\/de\\\/?s={search_term_string}\"},\"query-input\":{\"@type\":\"PropertyValueSpecification\",\"valueRequired\":true,\"valueName\":\"search_term_string\"}}],\"inLanguage\":\"de\"},{\"@type\":\"Organization\",\"@id\":\"https:\\\/\\\/lafita.eu\\\/de\\\/#organization\",\"name\":\"Lafita\",\"url\":\"https:\\\/\\\/lafita.eu\\\/de\\\/\",\"logo\":{\"@type\":\"ImageObject\",\"inLanguage\":\"de\",\"@id\":\"https:\\\/\\\/lafita.eu\\\/de\\\/#\\\/schema\\\/logo\\\/image\\\/\",\"url\":\"\",\"contentUrl\":\"\",\"caption\":\"Lafita\"},\"image\":{\"@id\":\"https:\\\/\\\/lafita.eu\\\/de\\\/#\\\/schema\\\/logo\\\/image\\\/\"},\"sameAs\":[\"https:\\\/\\\/www.facebook.com\\\/lafita.refresh.your.life\\\/\",\"https:\\\/\\\/www.instagram.com\\\/lafita_official\\\/\",\"https:\\\/\\\/www.youtube.com\\\/@lafita8945\"]}]}<\/script>\n<!-- \/ Yoast SEO plugin. -->","yoast_head_json":{"title":"Lafita Feuchtigkeitsabsorber Nachf\u00fcllpackung 10 x 1200 Gramm","description":"Leiden Sie unter Feuchtigkeit in Ihrem Zuhause? Benutze die Lafita-Feuchtigkeitsabsorber. Extra gro\u00dfen Nachf\u00fcllung von 1200 Gramm.","robots":{"index":"index","follow":"follow","max-snippet":"max-snippet:-1","max-image-preview":"max-image-preview:large","max-video-preview":"max-video-preview:-1"},"canonical":"https:\/\/lafita.eu\/de\/product\/feuchte-eispflege\/feuchtigkeitsabsorber\/feuchtigkeitsabsorber-nachfuellung-1200-gramm-xxl-vorteilspackung-8-stueck\/","og_locale":"de_DE","og_type":"article","og_title":"Lafita Feuchtigkeitsabsorber Nachf\u00fcllpackung 10 x 1200 Gramm","og_description":"Leiden Sie unter Feuchtigkeit in Ihrem Zuhause? Benutze die Lafita-Feuchtigkeitsabsorber. Extra gro\u00dfen Nachf\u00fcllung von 1200 Gramm.","og_url":"https:\/\/lafita.eu\/de\/product\/feuchte-eispflege\/feuchtigkeitsabsorber\/feuchtigkeitsabsorber-nachfuellung-1200-gramm-xxl-vorteilspackung-8-stueck\/","og_site_name":"Lafita","article_publisher":"https:\/\/www.facebook.com\/lafita.refresh.your.life\/","article_modified_time":"2025-12-21T11:16:44+00:00","og_image":[{"width":876,"height":769,"url":"https:\/\/lafita.eu\/wp-content\/uploads\/2021\/07\/LafitaVochtvangerNavulling1200gram.jpg","type":"image\/jpeg"}],"twitter_card":"summary_large_image","twitter_misc":{"Gesch\u00e4tzte Lesezeit":"1\u00a0Minute"},"schema":{"@context":"https:\/\/schema.org","@graph":[{"@type":"WebPage","@id":"https:\/\/lafita.eu\/de\/product\/feuchte-eispflege\/feuchtigkeitsabsorber\/feuchtigkeitsabsorber-nachfuellung-1200-gramm-xxl-vorteilspackung-8-stueck\/","url":"https:\/\/lafita.eu\/de\/product\/feuchte-eispflege\/feuchtigkeitsabsorber\/feuchtigkeitsabsorber-nachfuellung-1200-gramm-xxl-vorteilspackung-8-stueck\/","name":"Lafita Feuchtigkeitsabsorber Nachf\u00fcllpackung 10 x 1200 Gramm","isPartOf":{"@id":"https:\/\/lafita.eu\/de\/#website"},"primaryImageOfPage":{"@id":"https:\/\/lafita.eu\/de\/product\/feuchte-eispflege\/feuchtigkeitsabsorber\/feuchtigkeitsabsorber-nachfuellung-1200-gramm-xxl-vorteilspackung-8-stueck\/#primaryimage"},"image":{"@id":"https:\/\/lafita.eu\/de\/product\/feuchte-eispflege\/feuchtigkeitsabsorber\/feuchtigkeitsabsorber-nachfuellung-1200-gramm-xxl-vorteilspackung-8-stueck\/#primaryimage"},"thumbnailUrl":"https:\/\/lafita.eu\/wp-content\/uploads\/2021\/07\/LafitaVochtvangerNavulling1200gram.jpg","datePublished":"2021-07-14T07:06:51+00:00","dateModified":"2025-12-21T11:16:44+00:00","description":"Leiden Sie unter Feuchtigkeit in Ihrem Zuhause? Benutze die Lafita-Feuchtigkeitsabsorber. Extra gro\u00dfen Nachf\u00fcllung von 1200 Gramm.","breadcrumb":{"@id":"https:\/\/lafita.eu\/de\/product\/feuchte-eispflege\/feuchtigkeitsabsorber\/feuchtigkeitsabsorber-nachfuellung-1200-gramm-xxl-vorteilspackung-8-stueck\/#breadcrumb"},"inLanguage":"de","potentialAction":[{"@type":"ReadAction","target":["https:\/\/lafita.eu\/de\/product\/feuchte-eispflege\/feuchtigkeitsabsorber\/feuchtigkeitsabsorber-nachfuellung-1200-gramm-xxl-vorteilspackung-8-stueck\/"]}]},{"@type":"ImageObject","inLanguage":"de","@id":"https:\/\/lafita.eu\/de\/product\/feuchte-eispflege\/feuchtigkeitsabsorber\/feuchtigkeitsabsorber-nachfuellung-1200-gramm-xxl-vorteilspackung-8-stueck\/#primaryimage","url":"https:\/\/lafita.eu\/wp-content\/uploads\/2021\/07\/LafitaVochtvangerNavulling1200gram.jpg","contentUrl":"https:\/\/lafita.eu\/wp-content\/uploads\/2021\/07\/LafitaVochtvangerNavulling1200gram.jpg","width":876,"height":769,"caption":"Lafita Vochtvanger Navulling 1200 gram - XL Voordeelpakket 8 stuks"},{"@type":"BreadcrumbList","@id":"https:\/\/lafita.eu\/de\/product\/feuchte-eispflege\/feuchtigkeitsabsorber\/feuchtigkeitsabsorber-nachfuellung-1200-gramm-xxl-vorteilspackung-8-stueck\/#breadcrumb","itemListElement":[{"@type":"ListItem","position":1,"name":"Home","item":"https:\/\/lafita.eu\/de\/"},{"@type":"ListItem","position":2,"name":"Produkte","item":"https:\/\/lafita.eu\/de\/shop\/"},{"@type":"ListItem","position":3,"name":"Lafita Feuchtigkeitsabsorber Nachf\u00fcllpackung 1200 Gramm \u2013 XL-Vorteilspackung 10 St\u00fcck"}]},{"@type":"WebSite","@id":"https:\/\/lafita.eu\/de\/#website","url":"https:\/\/lafita.eu\/de\/","name":"Lafita","description":"Refresh Your Life","publisher":{"@id":"https:\/\/lafita.eu\/de\/#organization"},"potentialAction":[{"@type":"SearchAction","target":{"@type":"EntryPoint","urlTemplate":"https:\/\/lafita.eu\/de\/?s={search_term_string}"},"query-input":{"@type":"PropertyValueSpecification","valueRequired":true,"valueName":"search_term_string"}}],"inLanguage":"de"},{"@type":"Organization","@id":"https:\/\/lafita.eu\/de\/#organization","name":"Lafita","url":"https:\/\/lafita.eu\/de\/","logo":{"@type":"ImageObject","inLanguage":"de","@id":"https:\/\/lafita.eu\/de\/#\/schema\/logo\/image\/","url":"","contentUrl":"","caption":"Lafita"},"image":{"@id":"https:\/\/lafita.eu\/de\/#\/schema\/logo\/image\/"},"sameAs":["https:\/\/www.facebook.com\/lafita.refresh.your.life\/","https:\/\/www.instagram.com\/lafita_official\/","https:\/\/www.youtube.com\/@lafita8945"]}]}},"_links":{"self":[{"href":"https:\/\/lafita.eu\/de\/wp-json\/wp\/v2\/product\/5200","targetHints":{"allow":["GET"]}}],"collection":[{"href":"https:\/\/lafita.eu\/de\/wp-json\/wp\/v2\/product"}],"about":[{"href":"https:\/\/lafita.eu\/de\/wp-json\/wp\/v2\/types\/product"}],"wp:featuredmedia":[{"embeddable":true,"href":"https:\/\/lafita.eu\/de\/wp-json\/wp\/v2\/media\/7498"}],"wp:attachment":[{"href":"https:\/\/lafita.eu\/de\/wp-json\/wp\/v2\/media?parent=5200"}],"wp:term":[{"taxonomy":"product_brand","embeddable":true,"href":"https:\/\/lafita.eu\/de\/wp-json\/wp\/v2\/product_brand?post=5200"},{"taxonomy":"product_cat","embeddable":true,"href":"https:\/\/lafita.eu\/de\/wp-json\/wp\/v2\/product_cat?post=5200"},{"taxonomy":"product_tag","embeddable":true,"href":"https:\/\/lafita.eu\/de\/wp-json\/wp\/v2\/product_tag?post=5200"}],"curies":[{"name":"wp","href":"https:\/\/api.w.org\/{rel}","templated":true}]}}