{"id":7072,"date":"2023-11-08T14:45:57","date_gmt":"2023-11-08T13:46:11","guid":{"rendered":"https:\/\/lafita.eu\/?post_type=product&#038;p=7072"},"modified":"2026-04-30T20:46:34","modified_gmt":"2026-04-30T18:46:34","slug":"lafita-feuchtigkeitsabsorber-nachfullung-900-gramm","status":"publish","type":"product","link":"https:\/\/lafita.eu\/de\/product\/feuchte-eispflege\/feuchtigkeitsabsorber\/lafita-feuchtigkeitsabsorber-nachfullung-900-gramm\/","title":{"rendered":"Lafita Feuchtigkeitsabsorber Nachf\u00fcllung 900 Gramm"},"content":{"rendered":"<div class=\"fusion-fullwidth fullwidth-box fusion-builder-row-1 fusion-flex-container nonhundred-percent-fullwidth non-hundred-percent-height-scrolling\" style=\"--awb-border-radius-top-left:0px;--awb-border-radius-top-right:0px;--awb-border-radius-bottom-right:0px;--awb-border-radius-bottom-left:0px;--awb-flex-wrap:wrap;\" ><div class=\"fusion-builder-row fusion-row fusion-flex-align-items-flex-start fusion-flex-content-wrap\" style=\"max-width:1248px;margin-left: calc(-4% \/ 2 );margin-right: calc(-4% \/ 2 );\"><div class=\"fusion-layout-column fusion_builder_column fusion-builder-column-0 fusion_builder_column_1_1 1_1 fusion-flex-column\" style=\"--awb-bg-size:cover;--awb-width-large:100%;--awb-margin-top-large:0px;--awb-spacing-right-large:1.92%;--awb-margin-bottom-large:0px;--awb-spacing-left-large:1.92%;--awb-width-medium:100%;--awb-spacing-right-medium:1.92%;--awb-spacing-left-medium:1.92%;--awb-width-small:100%;--awb-spacing-right-small:1.92%;--awb-spacing-left-small:1.92%;\"><div class=\"fusion-column-wrapper fusion-flex-justify-content-flex-start fusion-content-layout-column\"><div class=\"fusion-text fusion-text-1\"><p><strong>Lafita Feuchtigkeitsabsorber Nachf\u00fcllung 900 Gramm<\/strong><\/p>\n<p>Leiden Sie unter viel Feuchtigkeit in Ihrem Zuhause? Zum Beispiel in Ihrem Badezimmer, WC, Wohnzimmer oder Schlafzimmer? Legen Sie einen <a href=\"https:\/\/lafita.eu\/de\/?post_type=product&#038;p=7017\">Lafita Feuchtigkeitsabsorber <\/a> hinein jeder Raum ! Der Feuchtigkeitsabsorber entzieht dem Raum die Feuchtigkeit und sammelt sie im Beh\u00e4lter. Wenn der Feuchtigkeitsabsorberbeutel leer und der Beh\u00e4lter mit Wasser gef\u00fcllt ist, k\u00f6nnen Sie den Beh\u00e4lter leeren und einen Nachf\u00fcllbeutel in den Feuchtigkeitsabsorberbeh\u00e4lter legen. Eine Nachf\u00fcllung reicht ca. 1-3 Monate.<\/p>\n<p>Besonders g\u00fcnstig: die <a href=\"https:\/\/lafita.eu\/de\/product\/feuchte-eispflege\/feuchtigkeitsabsorber\/feuchtigkeitsabscheider-starter-set-900-gramm-vorteilspackung-mit-10-nachfullpackung\/\">Lafita Feuchtigkeitsabsorber von 900 Gramm im Starterset mit 10 Nachf\u00fcllungen<\/a><\/p>\n<p>Ben\u00f6tigen Sie nur Nachf\u00fcllbeutel? Dann denken Sie \u00fcber die erschwingliche <a href=\"https:\/\/lafita.eu\/de\/product\/feuchte-eispflege\/feuchtigkeitsabsorber\/feuchtigkeitsabscheider-refill-900-gramm-xxl-vorteilspackung-10-stuck\/\">Lafita Feuchtigkeitsabsorber Nachf\u00fcllung 900 Gramm nach XXL-Paket mit 10 Beuteln<\/a><\/p>\n<p>Lafita ist eine Marke von <a href=\"https:\/\/dovox.nl\/nl\/merken\/lafita-humid\">Dovox BV<\/a> in Arnheim. Die Feuchtigkeitsabsorber und Nachf\u00fcller von Lafita werden in den Niederlanden hergestellt.<\/p>\n<\/div><\/div><\/div><\/div><\/div>\n","protected":false},"excerpt":{"rendered":"<p>Leiden Sie unter viel Feuchtigkeit in Ihrem Zuhause? Zum Beispiel in Ihrem Badezimmer, WC, Wohnzimmer oder Schlafzimmer? Platzieren Sie in jedem Raum einen Feuchtigkeitsabsorber!<\/p>\n","protected":false},"featured_media":7090,"template":"","meta":[],"product_brand":[],"product_cat":[377,379],"product_tag":[],"class_list":{"0":"post-7072","1":"product","2":"type-product","3":"status-publish","4":"has-post-thumbnail","6":"product_cat-feuchte-eispflege","7":"product_cat-feuchtigkeitsabsorber","9":"first","10":"outofstock","11":"taxable","12":"shipping-taxable","13":"purchasable","14":"product-type-variable","15":"has-default-attributes"},"yoast_head":"<!-- This site is optimized with the Yoast SEO plugin v27.5 - https:\/\/yoast.com\/product\/yoast-seo-wordpress\/ -->\n<title>Lafita Feuchtigkeitsabsorber Nachf\u00fcllung 900 Gramm - Lafita<\/title>\n<meta name=\"description\" content=\"Leiden Sie unter Feuchtigkeit in Ihrem Zuhause? Platzieren Sie in jedem Raum einen Feuchtigkeitsabsorber! Der Feuchtigkeitsabsorber kann mit dieser Lafita Feuchtigkeitsabsorber-Nachf\u00fcllung von 900 Gramm nachgef\u00fcllt werden.\" \/>\n<meta name=\"robots\" content=\"index, follow, max-snippet:-1, max-image-preview:large, max-video-preview:-1\" \/>\n<link rel=\"canonical\" href=\"https:\/\/lafita.eu\/de\/product\/feuchte-eispflege\/feuchtigkeitsabsorber\/lafita-feuchtigkeitsabsorber-nachfullung-900-gramm\/\" \/>\n<meta property=\"og:locale\" content=\"de_DE\" \/>\n<meta property=\"og:type\" content=\"article\" \/>\n<meta property=\"og:title\" content=\"Lafita Feuchtigkeitsabsorber Nachf\u00fcllung 900 Gramm - Lafita\" \/>\n<meta property=\"og:description\" content=\"Leiden Sie unter Feuchtigkeit in Ihrem Zuhause? Platzieren Sie in jedem Raum einen Feuchtigkeitsabsorber! Der Feuchtigkeitsabsorber kann mit dieser Lafita Feuchtigkeitsabsorber-Nachf\u00fcllung von 900 Gramm nachgef\u00fcllt werden.\" \/>\n<meta property=\"og:url\" content=\"https:\/\/lafita.eu\/de\/product\/feuchte-eispflege\/feuchtigkeitsabsorber\/lafita-feuchtigkeitsabsorber-nachfullung-900-gramm\/\" \/>\n<meta property=\"og:site_name\" content=\"Lafita\" \/>\n<meta property=\"article:publisher\" content=\"https:\/\/www.facebook.com\/lafita.refresh.your.life\/\" \/>\n<meta property=\"article:modified_time\" content=\"2026-04-30T18:46:34+00:00\" \/>\n<meta property=\"og:image\" content=\"https:\/\/lafita.eu\/wp-content\/uploads\/2023\/11\/lafita_vochtvanger_navulling_-_900_gram_-_past_in_iedere_vochtvanger_-_made_in_nl_2.jpg\" \/>\n\t<meta property=\"og:image:width\" content=\"1200\" \/>\n\t<meta property=\"og:image:height\" content=\"1200\" \/>\n\t<meta property=\"og:image:type\" content=\"image\/jpeg\" \/>\n<meta name=\"twitter:card\" content=\"summary_large_image\" \/>\n<meta name=\"twitter:label1\" content=\"Gesch\u00e4tzte Lesezeit\" \/>\n\t<meta name=\"twitter:data1\" content=\"2\u00a0Minuten\" \/>\n<script type=\"application\/ld+json\" class=\"yoast-schema-graph\">{\"@context\":\"https:\\\/\\\/schema.org\",\"@graph\":[{\"@type\":\"WebPage\",\"@id\":\"https:\\\/\\\/lafita.eu\\\/de\\\/product\\\/feuchte-eispflege\\\/feuchtigkeitsabsorber\\\/lafita-feuchtigkeitsabsorber-nachfullung-900-gramm\\\/\",\"url\":\"https:\\\/\\\/lafita.eu\\\/de\\\/product\\\/feuchte-eispflege\\\/feuchtigkeitsabsorber\\\/lafita-feuchtigkeitsabsorber-nachfullung-900-gramm\\\/\",\"name\":\"Lafita Feuchtigkeitsabsorber Nachf\u00fcllung 900 Gramm - Lafita\",\"isPartOf\":{\"@id\":\"https:\\\/\\\/lafita.eu\\\/de\\\/#website\"},\"primaryImageOfPage\":{\"@id\":\"https:\\\/\\\/lafita.eu\\\/de\\\/product\\\/feuchte-eispflege\\\/feuchtigkeitsabsorber\\\/lafita-feuchtigkeitsabsorber-nachfullung-900-gramm\\\/#primaryimage\"},\"image\":{\"@id\":\"https:\\\/\\\/lafita.eu\\\/de\\\/product\\\/feuchte-eispflege\\\/feuchtigkeitsabsorber\\\/lafita-feuchtigkeitsabsorber-nachfullung-900-gramm\\\/#primaryimage\"},\"thumbnailUrl\":\"https:\\\/\\\/lafita.eu\\\/wp-content\\\/uploads\\\/2023\\\/11\\\/lafita_vochtvanger_navulling_-_900_gram_-_past_in_iedere_vochtvanger_-_made_in_nl_2.jpg\",\"datePublished\":\"2023-11-08T13:46:11+00:00\",\"dateModified\":\"2026-04-30T18:46:34+00:00\",\"description\":\"Leiden Sie unter Feuchtigkeit in Ihrem Zuhause? Platzieren Sie in jedem Raum einen Feuchtigkeitsabsorber! Der Feuchtigkeitsabsorber kann mit dieser Lafita Feuchtigkeitsabsorber-Nachf\u00fcllung von 900 Gramm nachgef\u00fcllt werden.\",\"breadcrumb\":{\"@id\":\"https:\\\/\\\/lafita.eu\\\/de\\\/product\\\/feuchte-eispflege\\\/feuchtigkeitsabsorber\\\/lafita-feuchtigkeitsabsorber-nachfullung-900-gramm\\\/#breadcrumb\"},\"inLanguage\":\"de\",\"potentialAction\":[{\"@type\":\"ReadAction\",\"target\":[\"https:\\\/\\\/lafita.eu\\\/de\\\/product\\\/feuchte-eispflege\\\/feuchtigkeitsabsorber\\\/lafita-feuchtigkeitsabsorber-nachfullung-900-gramm\\\/\"]}]},{\"@type\":\"ImageObject\",\"inLanguage\":\"de\",\"@id\":\"https:\\\/\\\/lafita.eu\\\/de\\\/product\\\/feuchte-eispflege\\\/feuchtigkeitsabsorber\\\/lafita-feuchtigkeitsabsorber-nachfullung-900-gramm\\\/#primaryimage\",\"url\":\"https:\\\/\\\/lafita.eu\\\/wp-content\\\/uploads\\\/2023\\\/11\\\/lafita_vochtvanger_navulling_-_900_gram_-_past_in_iedere_vochtvanger_-_made_in_nl_2.jpg\",\"contentUrl\":\"https:\\\/\\\/lafita.eu\\\/wp-content\\\/uploads\\\/2023\\\/11\\\/lafita_vochtvanger_navulling_-_900_gram_-_past_in_iedere_vochtvanger_-_made_in_nl_2.jpg\",\"width\":1200,\"height\":1200,\"caption\":\"Lafita Feuchtigkeitsabsorber Nachf\u00fcllung 900 Gramm\"},{\"@type\":\"BreadcrumbList\",\"@id\":\"https:\\\/\\\/lafita.eu\\\/de\\\/product\\\/feuchte-eispflege\\\/feuchtigkeitsabsorber\\\/lafita-feuchtigkeitsabsorber-nachfullung-900-gramm\\\/#breadcrumb\",\"itemListElement\":[{\"@type\":\"ListItem\",\"position\":1,\"name\":\"Home\",\"item\":\"https:\\\/\\\/lafita.eu\\\/de\\\/\"},{\"@type\":\"ListItem\",\"position\":2,\"name\":\"Produkte\",\"item\":\"https:\\\/\\\/lafita.eu\\\/de\\\/shop\\\/\"},{\"@type\":\"ListItem\",\"position\":3,\"name\":\"Lafita Feuchtigkeitsabsorber Nachf\u00fcllung 900 Gramm\"}]},{\"@type\":\"WebSite\",\"@id\":\"https:\\\/\\\/lafita.eu\\\/de\\\/#website\",\"url\":\"https:\\\/\\\/lafita.eu\\\/de\\\/\",\"name\":\"Lafita\",\"description\":\"Refresh Your Life\",\"publisher\":{\"@id\":\"https:\\\/\\\/lafita.eu\\\/de\\\/#organization\"},\"potentialAction\":[{\"@type\":\"SearchAction\",\"target\":{\"@type\":\"EntryPoint\",\"urlTemplate\":\"https:\\\/\\\/lafita.eu\\\/de\\\/?s={search_term_string}\"},\"query-input\":{\"@type\":\"PropertyValueSpecification\",\"valueRequired\":true,\"valueName\":\"search_term_string\"}}],\"inLanguage\":\"de\"},{\"@type\":\"Organization\",\"@id\":\"https:\\\/\\\/lafita.eu\\\/de\\\/#organization\",\"name\":\"Lafita\",\"url\":\"https:\\\/\\\/lafita.eu\\\/de\\\/\",\"logo\":{\"@type\":\"ImageObject\",\"inLanguage\":\"de\",\"@id\":\"https:\\\/\\\/lafita.eu\\\/de\\\/#\\\/schema\\\/logo\\\/image\\\/\",\"url\":\"\",\"contentUrl\":\"\",\"caption\":\"Lafita\"},\"image\":{\"@id\":\"https:\\\/\\\/lafita.eu\\\/de\\\/#\\\/schema\\\/logo\\\/image\\\/\"},\"sameAs\":[\"https:\\\/\\\/www.facebook.com\\\/lafita.refresh.your.life\\\/\",\"https:\\\/\\\/www.instagram.com\\\/lafita_official\\\/\",\"https:\\\/\\\/www.youtube.com\\\/@lafita8945\"]}]}<\/script>\n<!-- \/ Yoast SEO plugin. -->","yoast_head_json":{"title":"Lafita Feuchtigkeitsabsorber Nachf\u00fcllung 900 Gramm - Lafita","description":"Leiden Sie unter Feuchtigkeit in Ihrem Zuhause? Platzieren Sie in jedem Raum einen Feuchtigkeitsabsorber! Der Feuchtigkeitsabsorber kann mit dieser Lafita Feuchtigkeitsabsorber-Nachf\u00fcllung von 900 Gramm nachgef\u00fcllt werden.","robots":{"index":"index","follow":"follow","max-snippet":"max-snippet:-1","max-image-preview":"max-image-preview:large","max-video-preview":"max-video-preview:-1"},"canonical":"https:\/\/lafita.eu\/de\/product\/feuchte-eispflege\/feuchtigkeitsabsorber\/lafita-feuchtigkeitsabsorber-nachfullung-900-gramm\/","og_locale":"de_DE","og_type":"article","og_title":"Lafita Feuchtigkeitsabsorber Nachf\u00fcllung 900 Gramm - Lafita","og_description":"Leiden Sie unter Feuchtigkeit in Ihrem Zuhause? Platzieren Sie in jedem Raum einen Feuchtigkeitsabsorber! Der Feuchtigkeitsabsorber kann mit dieser Lafita Feuchtigkeitsabsorber-Nachf\u00fcllung von 900 Gramm nachgef\u00fcllt werden.","og_url":"https:\/\/lafita.eu\/de\/product\/feuchte-eispflege\/feuchtigkeitsabsorber\/lafita-feuchtigkeitsabsorber-nachfullung-900-gramm\/","og_site_name":"Lafita","article_publisher":"https:\/\/www.facebook.com\/lafita.refresh.your.life\/","article_modified_time":"2026-04-30T18:46:34+00:00","og_image":[{"width":1200,"height":1200,"url":"https:\/\/lafita.eu\/wp-content\/uploads\/2023\/11\/lafita_vochtvanger_navulling_-_900_gram_-_past_in_iedere_vochtvanger_-_made_in_nl_2.jpg","type":"image\/jpeg"}],"twitter_card":"summary_large_image","twitter_misc":{"Gesch\u00e4tzte Lesezeit":"2\u00a0Minuten"},"schema":{"@context":"https:\/\/schema.org","@graph":[{"@type":"WebPage","@id":"https:\/\/lafita.eu\/de\/product\/feuchte-eispflege\/feuchtigkeitsabsorber\/lafita-feuchtigkeitsabsorber-nachfullung-900-gramm\/","url":"https:\/\/lafita.eu\/de\/product\/feuchte-eispflege\/feuchtigkeitsabsorber\/lafita-feuchtigkeitsabsorber-nachfullung-900-gramm\/","name":"Lafita Feuchtigkeitsabsorber Nachf\u00fcllung 900 Gramm - Lafita","isPartOf":{"@id":"https:\/\/lafita.eu\/de\/#website"},"primaryImageOfPage":{"@id":"https:\/\/lafita.eu\/de\/product\/feuchte-eispflege\/feuchtigkeitsabsorber\/lafita-feuchtigkeitsabsorber-nachfullung-900-gramm\/#primaryimage"},"image":{"@id":"https:\/\/lafita.eu\/de\/product\/feuchte-eispflege\/feuchtigkeitsabsorber\/lafita-feuchtigkeitsabsorber-nachfullung-900-gramm\/#primaryimage"},"thumbnailUrl":"https:\/\/lafita.eu\/wp-content\/uploads\/2023\/11\/lafita_vochtvanger_navulling_-_900_gram_-_past_in_iedere_vochtvanger_-_made_in_nl_2.jpg","datePublished":"2023-11-08T13:46:11+00:00","dateModified":"2026-04-30T18:46:34+00:00","description":"Leiden Sie unter Feuchtigkeit in Ihrem Zuhause? Platzieren Sie in jedem Raum einen Feuchtigkeitsabsorber! Der Feuchtigkeitsabsorber kann mit dieser Lafita Feuchtigkeitsabsorber-Nachf\u00fcllung von 900 Gramm nachgef\u00fcllt werden.","breadcrumb":{"@id":"https:\/\/lafita.eu\/de\/product\/feuchte-eispflege\/feuchtigkeitsabsorber\/lafita-feuchtigkeitsabsorber-nachfullung-900-gramm\/#breadcrumb"},"inLanguage":"de","potentialAction":[{"@type":"ReadAction","target":["https:\/\/lafita.eu\/de\/product\/feuchte-eispflege\/feuchtigkeitsabsorber\/lafita-feuchtigkeitsabsorber-nachfullung-900-gramm\/"]}]},{"@type":"ImageObject","inLanguage":"de","@id":"https:\/\/lafita.eu\/de\/product\/feuchte-eispflege\/feuchtigkeitsabsorber\/lafita-feuchtigkeitsabsorber-nachfullung-900-gramm\/#primaryimage","url":"https:\/\/lafita.eu\/wp-content\/uploads\/2023\/11\/lafita_vochtvanger_navulling_-_900_gram_-_past_in_iedere_vochtvanger_-_made_in_nl_2.jpg","contentUrl":"https:\/\/lafita.eu\/wp-content\/uploads\/2023\/11\/lafita_vochtvanger_navulling_-_900_gram_-_past_in_iedere_vochtvanger_-_made_in_nl_2.jpg","width":1200,"height":1200,"caption":"Lafita Feuchtigkeitsabsorber Nachf\u00fcllung 900 Gramm"},{"@type":"BreadcrumbList","@id":"https:\/\/lafita.eu\/de\/product\/feuchte-eispflege\/feuchtigkeitsabsorber\/lafita-feuchtigkeitsabsorber-nachfullung-900-gramm\/#breadcrumb","itemListElement":[{"@type":"ListItem","position":1,"name":"Home","item":"https:\/\/lafita.eu\/de\/"},{"@type":"ListItem","position":2,"name":"Produkte","item":"https:\/\/lafita.eu\/de\/shop\/"},{"@type":"ListItem","position":3,"name":"Lafita Feuchtigkeitsabsorber Nachf\u00fcllung 900 Gramm"}]},{"@type":"WebSite","@id":"https:\/\/lafita.eu\/de\/#website","url":"https:\/\/lafita.eu\/de\/","name":"Lafita","description":"Refresh Your Life","publisher":{"@id":"https:\/\/lafita.eu\/de\/#organization"},"potentialAction":[{"@type":"SearchAction","target":{"@type":"EntryPoint","urlTemplate":"https:\/\/lafita.eu\/de\/?s={search_term_string}"},"query-input":{"@type":"PropertyValueSpecification","valueRequired":true,"valueName":"search_term_string"}}],"inLanguage":"de"},{"@type":"Organization","@id":"https:\/\/lafita.eu\/de\/#organization","name":"Lafita","url":"https:\/\/lafita.eu\/de\/","logo":{"@type":"ImageObject","inLanguage":"de","@id":"https:\/\/lafita.eu\/de\/#\/schema\/logo\/image\/","url":"","contentUrl":"","caption":"Lafita"},"image":{"@id":"https:\/\/lafita.eu\/de\/#\/schema\/logo\/image\/"},"sameAs":["https:\/\/www.facebook.com\/lafita.refresh.your.life\/","https:\/\/www.instagram.com\/lafita_official\/","https:\/\/www.youtube.com\/@lafita8945"]}]}},"_links":{"self":[{"href":"https:\/\/lafita.eu\/de\/wp-json\/wp\/v2\/product\/7072","targetHints":{"allow":["GET"]}}],"collection":[{"href":"https:\/\/lafita.eu\/de\/wp-json\/wp\/v2\/product"}],"about":[{"href":"https:\/\/lafita.eu\/de\/wp-json\/wp\/v2\/types\/product"}],"wp:featuredmedia":[{"embeddable":true,"href":"https:\/\/lafita.eu\/de\/wp-json\/wp\/v2\/media\/7090"}],"wp:attachment":[{"href":"https:\/\/lafita.eu\/de\/wp-json\/wp\/v2\/media?parent=7072"}],"wp:term":[{"taxonomy":"product_brand","embeddable":true,"href":"https:\/\/lafita.eu\/de\/wp-json\/wp\/v2\/product_brand?post=7072"},{"taxonomy":"product_cat","embeddable":true,"href":"https:\/\/lafita.eu\/de\/wp-json\/wp\/v2\/product_cat?post=7072"},{"taxonomy":"product_tag","embeddable":true,"href":"https:\/\/lafita.eu\/de\/wp-json\/wp\/v2\/product_tag?post=7072"}],"curies":[{"name":"wp","href":"https:\/\/api.w.org\/{rel}","templated":true}]}}