{"id":7115,"date":"2023-11-09T09:25:29","date_gmt":"2023-11-09T08:25:31","guid":{"rendered":"https:\/\/lafita.eu\/?post_type=product&#038;p=7115"},"modified":"2026-04-30T21:00:53","modified_gmt":"2026-04-30T19:00:53","slug":"lafita-feuchtigkeitsabsorber-perlen-250-gramm-behalter-mit-2-nachfullungen","status":"publish","type":"product","link":"https:\/\/lafita.eu\/de\/product\/feuchte-eispflege\/feuchtigkeitsabsorber\/lafita-feuchtigkeitsabsorber-perlen-250-gramm-behalter-mit-2-nachfullungen\/","title":{"rendered":"Lafita Feuchtigkeitsabsorber Perlen 250 Gramm &#8211; Beh\u00e4lter mit 2 Nachf\u00fcllungen"},"content":{"rendered":"<div class=\"fusion-fullwidth fullwidth-box fusion-builder-row-1 fusion-flex-container nonhundred-percent-fullwidth non-hundred-percent-height-scrolling\" style=\"--awb-border-radius-top-left:0px;--awb-border-radius-top-right:0px;--awb-border-radius-bottom-right:0px;--awb-border-radius-bottom-left:0px;--awb-flex-wrap:wrap;\" ><div class=\"fusion-builder-row fusion-row fusion-flex-align-items-flex-start fusion-flex-content-wrap\" style=\"max-width:1248px;margin-left: calc(-4% \/ 2 );margin-right: calc(-4% \/ 2 );\"><div class=\"fusion-layout-column fusion_builder_column fusion-builder-column-0 fusion_builder_column_1_1 1_1 fusion-flex-column\" style=\"--awb-bg-size:cover;--awb-width-large:100%;--awb-margin-top-large:0px;--awb-spacing-right-large:1.92%;--awb-margin-bottom-large:0px;--awb-spacing-left-large:1.92%;--awb-width-medium:100%;--awb-spacing-right-medium:1.92%;--awb-spacing-left-medium:1.92%;--awb-width-small:100%;--awb-spacing-right-small:1.92%;--awb-spacing-left-small:1.92%;\"><div class=\"fusion-column-wrapper fusion-flex-justify-content-flex-start fusion-content-layout-column\"><div class=\"fusion-text fusion-text-1\"><p><strong>Lafita Feuchtigkeitsabsorberperlen 250 Gramm \u2013 Beh\u00e4lter mit 2 Nachf\u00fcllungen<\/strong><\/p>\n<p>Der Feuchtigkeitsabsorber entzieht dem Raum die Feuchtigkeit und sammelt sie im Beh\u00e4lter. Wenn der Feuchtigkeitsabsorberbeutel leer und der Beh\u00e4lter mit Wasser gef\u00fcllt ist, k\u00f6nnen Sie den Beh\u00e4lter leeren und einen Nachf\u00fcllbeutel in den Feuchtigkeitsabsorberbeh\u00e4lter legen. Eine Nachf\u00fcllung reicht ca. 1-3 Monate. Dieses Vorteilspack enth\u00e4lt den Beh\u00e4lter mit 2 Nachf\u00fcllungen. So kommen Sie lange voran!<\/p>\n<p>Dieser Lafita-Feuchtigkeitsabsorber arbeitet mit speziellen feuchtigkeitsabsorbierenden Perlen (anstelle von Flocken). Die Perlen absorbieren nicht weniger als 50 % mehr Feuchtigkeit als herk\u00f6mmliche Flocken.<\/p>\n<p>Die losen Nachf\u00fcllbeutel mit Perlen finden Sie \u00fcber den folgenden Link: <a href=\"https:\/\/lafita.eu\/de\/product\/feuchte-eispflege\/feuchtigkeitsabsorber\/lafita-feuchtigkeitsabsorber-perlen-nachfullung-250-gramm\/\">Lafita Nachf\u00fcllung mit Feuchtigkeitsabsorber-Perlen \u2013 250 Gramm<\/a><\/p>\n<p>Lafita ist eine Marke von <a href=\"https:\/\/dovox.nl\/nl\/merken\/lafita-humid\">Dovox BV<\/a> in Arnheim. Die Feuchtigkeitsabsorber und Nachf\u00fcller von Lafita werden in den Niederlanden hergestellt.<\/p>\n<\/div><\/div><\/div><\/div><\/div>\n","protected":false},"excerpt":{"rendered":"<p>Leiden Sie unter viel Feuchtigkeit in Ihrem Zuhause? Platzieren Sie in jedem Raum Lafita-Feuchtigkeitsabsorberperlen!<\/p>\n<p>Dieser Feuchtigkeitsabsorber arbeitet mit speziellen feuchtigkeitsabsorbierenden Perlen (anstelle von Flocken). Die Perlen absorbieren nicht weniger als 50 % mehr Feuchtigkeit als herk\u00f6mmliche Flocken.<\/p>\n","protected":false},"featured_media":7137,"template":"","meta":[],"product_brand":[],"product_cat":[377,379],"product_tag":[],"class_list":{"0":"post-7115","1":"product","2":"type-product","3":"status-publish","4":"has-post-thumbnail","6":"product_cat-feuchte-eispflege","7":"product_cat-feuchtigkeitsabsorber","9":"first","10":"outofstock","11":"taxable","12":"shipping-taxable","13":"purchasable","14":"product-type-variable","15":"has-default-attributes"},"yoast_head":"<!-- This site is optimized with the Yoast SEO plugin v27.5 - https:\/\/yoast.com\/product\/yoast-seo-wordpress\/ -->\n<title>Lafita Feuchtigkeitsabsorber Perlen 250 Gramm - Beh\u00e4lter mit 2 Nachf\u00fcllungen - Lafita<\/title>\n<meta name=\"description\" content=\"Leiden Sie unter Feuchtigkeit in Ihrem Zuhause? Installieren Sie einen Feuchtigkeitsabsorber! Diese Lafita Feuchtigkeitsabsorberperlen 250 Gramm enthalten 2 Nachf\u00fcllungen. Die Perlen nehmen nicht weniger als 50 % mehr Feuchtigkeit auf!\" \/>\n<meta name=\"robots\" content=\"index, follow, max-snippet:-1, max-image-preview:large, max-video-preview:-1\" \/>\n<link rel=\"canonical\" href=\"https:\/\/lafita.eu\/de\/product\/feuchte-eispflege\/feuchtigkeitsabsorber\/lafita-feuchtigkeitsabsorber-perlen-250-gramm-behalter-mit-2-nachfullungen\/\" \/>\n<meta property=\"og:locale\" content=\"de_DE\" \/>\n<meta property=\"og:type\" content=\"article\" \/>\n<meta property=\"og:title\" content=\"Lafita Feuchtigkeitsabsorber Perlen 250 Gramm - Beh\u00e4lter mit 2 Nachf\u00fcllungen - Lafita\" \/>\n<meta property=\"og:description\" content=\"Leiden Sie unter Feuchtigkeit in Ihrem Zuhause? Installieren Sie einen Feuchtigkeitsabsorber! Diese Lafita Feuchtigkeitsabsorberperlen 250 Gramm enthalten 2 Nachf\u00fcllungen. Die Perlen nehmen nicht weniger als 50 % mehr Feuchtigkeit auf!\" \/>\n<meta property=\"og:url\" content=\"https:\/\/lafita.eu\/de\/product\/feuchte-eispflege\/feuchtigkeitsabsorber\/lafita-feuchtigkeitsabsorber-perlen-250-gramm-behalter-mit-2-nachfullungen\/\" \/>\n<meta property=\"og:site_name\" content=\"Lafita\" \/>\n<meta property=\"article:publisher\" content=\"https:\/\/www.facebook.com\/lafita.refresh.your.life\/\" \/>\n<meta property=\"article:modified_time\" content=\"2026-04-30T19:00:53+00:00\" \/>\n<meta property=\"og:image\" content=\"https:\/\/lafita.eu\/wp-content\/uploads\/2023\/11\/lafita_vochtvanger_pearls_-_250_gram_-_valuepack_-_extra_absorberend_-_stevige_bak_-_made_in_nl.jpg.mst_.webp\" \/>\n\t<meta property=\"og:image:width\" content=\"1200\" \/>\n\t<meta property=\"og:image:height\" content=\"1200\" \/>\n\t<meta property=\"og:image:type\" content=\"image\/webp\" \/>\n<meta name=\"twitter:card\" content=\"summary_large_image\" \/>\n<meta name=\"twitter:label1\" content=\"Gesch\u00e4tzte Lesezeit\" \/>\n\t<meta name=\"twitter:data1\" content=\"2\u00a0Minuten\" \/>\n<script type=\"application\/ld+json\" class=\"yoast-schema-graph\">{\"@context\":\"https:\\\/\\\/schema.org\",\"@graph\":[{\"@type\":\"WebPage\",\"@id\":\"https:\\\/\\\/lafita.eu\\\/de\\\/product\\\/feuchte-eispflege\\\/feuchtigkeitsabsorber\\\/lafita-feuchtigkeitsabsorber-perlen-250-gramm-behalter-mit-2-nachfullungen\\\/\",\"url\":\"https:\\\/\\\/lafita.eu\\\/de\\\/product\\\/feuchte-eispflege\\\/feuchtigkeitsabsorber\\\/lafita-feuchtigkeitsabsorber-perlen-250-gramm-behalter-mit-2-nachfullungen\\\/\",\"name\":\"Lafita Feuchtigkeitsabsorber Perlen 250 Gramm - Beh\u00e4lter mit 2 Nachf\u00fcllungen - Lafita\",\"isPartOf\":{\"@id\":\"https:\\\/\\\/lafita.eu\\\/de\\\/#website\"},\"primaryImageOfPage\":{\"@id\":\"https:\\\/\\\/lafita.eu\\\/de\\\/product\\\/feuchte-eispflege\\\/feuchtigkeitsabsorber\\\/lafita-feuchtigkeitsabsorber-perlen-250-gramm-behalter-mit-2-nachfullungen\\\/#primaryimage\"},\"image\":{\"@id\":\"https:\\\/\\\/lafita.eu\\\/de\\\/product\\\/feuchte-eispflege\\\/feuchtigkeitsabsorber\\\/lafita-feuchtigkeitsabsorber-perlen-250-gramm-behalter-mit-2-nachfullungen\\\/#primaryimage\"},\"thumbnailUrl\":\"https:\\\/\\\/lafita.eu\\\/wp-content\\\/uploads\\\/2023\\\/11\\\/lafita_vochtvanger_pearls_-_250_gram_-_valuepack_-_extra_absorberend_-_stevige_bak_-_made_in_nl.jpg.mst_.webp\",\"datePublished\":\"2023-11-09T08:25:31+00:00\",\"dateModified\":\"2026-04-30T19:00:53+00:00\",\"description\":\"Leiden Sie unter Feuchtigkeit in Ihrem Zuhause? Installieren Sie einen Feuchtigkeitsabsorber! Diese Lafita Feuchtigkeitsabsorberperlen 250 Gramm enthalten 2 Nachf\u00fcllungen. Die Perlen nehmen nicht weniger als 50 % mehr Feuchtigkeit auf!\",\"breadcrumb\":{\"@id\":\"https:\\\/\\\/lafita.eu\\\/de\\\/product\\\/feuchte-eispflege\\\/feuchtigkeitsabsorber\\\/lafita-feuchtigkeitsabsorber-perlen-250-gramm-behalter-mit-2-nachfullungen\\\/#breadcrumb\"},\"inLanguage\":\"de\",\"potentialAction\":[{\"@type\":\"ReadAction\",\"target\":[\"https:\\\/\\\/lafita.eu\\\/de\\\/product\\\/feuchte-eispflege\\\/feuchtigkeitsabsorber\\\/lafita-feuchtigkeitsabsorber-perlen-250-gramm-behalter-mit-2-nachfullungen\\\/\"]}]},{\"@type\":\"ImageObject\",\"inLanguage\":\"de\",\"@id\":\"https:\\\/\\\/lafita.eu\\\/de\\\/product\\\/feuchte-eispflege\\\/feuchtigkeitsabsorber\\\/lafita-feuchtigkeitsabsorber-perlen-250-gramm-behalter-mit-2-nachfullungen\\\/#primaryimage\",\"url\":\"https:\\\/\\\/lafita.eu\\\/wp-content\\\/uploads\\\/2023\\\/11\\\/lafita_vochtvanger_pearls_-_250_gram_-_valuepack_-_extra_absorberend_-_stevige_bak_-_made_in_nl.jpg.mst_.webp\",\"contentUrl\":\"https:\\\/\\\/lafita.eu\\\/wp-content\\\/uploads\\\/2023\\\/11\\\/lafita_vochtvanger_pearls_-_250_gram_-_valuepack_-_extra_absorberend_-_stevige_bak_-_made_in_nl.jpg.mst_.webp\",\"width\":1200,\"height\":1200,\"caption\":\"Lafita Feuchtigkeitsabsorber Perlen 250 Gramm - Beh\u00e4lter mit 2 Nachf\u00fcllungen\"},{\"@type\":\"BreadcrumbList\",\"@id\":\"https:\\\/\\\/lafita.eu\\\/de\\\/product\\\/feuchte-eispflege\\\/feuchtigkeitsabsorber\\\/lafita-feuchtigkeitsabsorber-perlen-250-gramm-behalter-mit-2-nachfullungen\\\/#breadcrumb\",\"itemListElement\":[{\"@type\":\"ListItem\",\"position\":1,\"name\":\"Home\",\"item\":\"https:\\\/\\\/lafita.eu\\\/de\\\/\"},{\"@type\":\"ListItem\",\"position\":2,\"name\":\"Produkte\",\"item\":\"https:\\\/\\\/lafita.eu\\\/de\\\/shop\\\/\"},{\"@type\":\"ListItem\",\"position\":3,\"name\":\"Lafita Feuchtigkeitsabsorber Perlen 250 Gramm &#8211; Beh\u00e4lter mit 2 Nachf\u00fcllungen\"}]},{\"@type\":\"WebSite\",\"@id\":\"https:\\\/\\\/lafita.eu\\\/de\\\/#website\",\"url\":\"https:\\\/\\\/lafita.eu\\\/de\\\/\",\"name\":\"Lafita\",\"description\":\"Refresh Your Life\",\"publisher\":{\"@id\":\"https:\\\/\\\/lafita.eu\\\/de\\\/#organization\"},\"potentialAction\":[{\"@type\":\"SearchAction\",\"target\":{\"@type\":\"EntryPoint\",\"urlTemplate\":\"https:\\\/\\\/lafita.eu\\\/de\\\/?s={search_term_string}\"},\"query-input\":{\"@type\":\"PropertyValueSpecification\",\"valueRequired\":true,\"valueName\":\"search_term_string\"}}],\"inLanguage\":\"de\"},{\"@type\":\"Organization\",\"@id\":\"https:\\\/\\\/lafita.eu\\\/de\\\/#organization\",\"name\":\"Lafita\",\"url\":\"https:\\\/\\\/lafita.eu\\\/de\\\/\",\"logo\":{\"@type\":\"ImageObject\",\"inLanguage\":\"de\",\"@id\":\"https:\\\/\\\/lafita.eu\\\/de\\\/#\\\/schema\\\/logo\\\/image\\\/\",\"url\":\"\",\"contentUrl\":\"\",\"caption\":\"Lafita\"},\"image\":{\"@id\":\"https:\\\/\\\/lafita.eu\\\/de\\\/#\\\/schema\\\/logo\\\/image\\\/\"},\"sameAs\":[\"https:\\\/\\\/www.facebook.com\\\/lafita.refresh.your.life\\\/\",\"https:\\\/\\\/www.instagram.com\\\/lafita_official\\\/\",\"https:\\\/\\\/www.youtube.com\\\/@lafita8945\"]}]}<\/script>\n<!-- \/ Yoast SEO plugin. -->","yoast_head_json":{"title":"Lafita Feuchtigkeitsabsorber Perlen 250 Gramm - Beh\u00e4lter mit 2 Nachf\u00fcllungen - Lafita","description":"Leiden Sie unter Feuchtigkeit in Ihrem Zuhause? Installieren Sie einen Feuchtigkeitsabsorber! Diese Lafita Feuchtigkeitsabsorberperlen 250 Gramm enthalten 2 Nachf\u00fcllungen. Die Perlen nehmen nicht weniger als 50 % mehr Feuchtigkeit auf!","robots":{"index":"index","follow":"follow","max-snippet":"max-snippet:-1","max-image-preview":"max-image-preview:large","max-video-preview":"max-video-preview:-1"},"canonical":"https:\/\/lafita.eu\/de\/product\/feuchte-eispflege\/feuchtigkeitsabsorber\/lafita-feuchtigkeitsabsorber-perlen-250-gramm-behalter-mit-2-nachfullungen\/","og_locale":"de_DE","og_type":"article","og_title":"Lafita Feuchtigkeitsabsorber Perlen 250 Gramm - Beh\u00e4lter mit 2 Nachf\u00fcllungen - Lafita","og_description":"Leiden Sie unter Feuchtigkeit in Ihrem Zuhause? Installieren Sie einen Feuchtigkeitsabsorber! Diese Lafita Feuchtigkeitsabsorberperlen 250 Gramm enthalten 2 Nachf\u00fcllungen. Die Perlen nehmen nicht weniger als 50 % mehr Feuchtigkeit auf!","og_url":"https:\/\/lafita.eu\/de\/product\/feuchte-eispflege\/feuchtigkeitsabsorber\/lafita-feuchtigkeitsabsorber-perlen-250-gramm-behalter-mit-2-nachfullungen\/","og_site_name":"Lafita","article_publisher":"https:\/\/www.facebook.com\/lafita.refresh.your.life\/","article_modified_time":"2026-04-30T19:00:53+00:00","og_image":[{"width":1200,"height":1200,"url":"https:\/\/lafita.eu\/wp-content\/uploads\/2023\/11\/lafita_vochtvanger_pearls_-_250_gram_-_valuepack_-_extra_absorberend_-_stevige_bak_-_made_in_nl.jpg.mst_.webp","type":"image\/webp"}],"twitter_card":"summary_large_image","twitter_misc":{"Gesch\u00e4tzte Lesezeit":"2\u00a0Minuten"},"schema":{"@context":"https:\/\/schema.org","@graph":[{"@type":"WebPage","@id":"https:\/\/lafita.eu\/de\/product\/feuchte-eispflege\/feuchtigkeitsabsorber\/lafita-feuchtigkeitsabsorber-perlen-250-gramm-behalter-mit-2-nachfullungen\/","url":"https:\/\/lafita.eu\/de\/product\/feuchte-eispflege\/feuchtigkeitsabsorber\/lafita-feuchtigkeitsabsorber-perlen-250-gramm-behalter-mit-2-nachfullungen\/","name":"Lafita Feuchtigkeitsabsorber Perlen 250 Gramm - Beh\u00e4lter mit 2 Nachf\u00fcllungen - Lafita","isPartOf":{"@id":"https:\/\/lafita.eu\/de\/#website"},"primaryImageOfPage":{"@id":"https:\/\/lafita.eu\/de\/product\/feuchte-eispflege\/feuchtigkeitsabsorber\/lafita-feuchtigkeitsabsorber-perlen-250-gramm-behalter-mit-2-nachfullungen\/#primaryimage"},"image":{"@id":"https:\/\/lafita.eu\/de\/product\/feuchte-eispflege\/feuchtigkeitsabsorber\/lafita-feuchtigkeitsabsorber-perlen-250-gramm-behalter-mit-2-nachfullungen\/#primaryimage"},"thumbnailUrl":"https:\/\/lafita.eu\/wp-content\/uploads\/2023\/11\/lafita_vochtvanger_pearls_-_250_gram_-_valuepack_-_extra_absorberend_-_stevige_bak_-_made_in_nl.jpg.mst_.webp","datePublished":"2023-11-09T08:25:31+00:00","dateModified":"2026-04-30T19:00:53+00:00","description":"Leiden Sie unter Feuchtigkeit in Ihrem Zuhause? Installieren Sie einen Feuchtigkeitsabsorber! Diese Lafita Feuchtigkeitsabsorberperlen 250 Gramm enthalten 2 Nachf\u00fcllungen. Die Perlen nehmen nicht weniger als 50 % mehr Feuchtigkeit auf!","breadcrumb":{"@id":"https:\/\/lafita.eu\/de\/product\/feuchte-eispflege\/feuchtigkeitsabsorber\/lafita-feuchtigkeitsabsorber-perlen-250-gramm-behalter-mit-2-nachfullungen\/#breadcrumb"},"inLanguage":"de","potentialAction":[{"@type":"ReadAction","target":["https:\/\/lafita.eu\/de\/product\/feuchte-eispflege\/feuchtigkeitsabsorber\/lafita-feuchtigkeitsabsorber-perlen-250-gramm-behalter-mit-2-nachfullungen\/"]}]},{"@type":"ImageObject","inLanguage":"de","@id":"https:\/\/lafita.eu\/de\/product\/feuchte-eispflege\/feuchtigkeitsabsorber\/lafita-feuchtigkeitsabsorber-perlen-250-gramm-behalter-mit-2-nachfullungen\/#primaryimage","url":"https:\/\/lafita.eu\/wp-content\/uploads\/2023\/11\/lafita_vochtvanger_pearls_-_250_gram_-_valuepack_-_extra_absorberend_-_stevige_bak_-_made_in_nl.jpg.mst_.webp","contentUrl":"https:\/\/lafita.eu\/wp-content\/uploads\/2023\/11\/lafita_vochtvanger_pearls_-_250_gram_-_valuepack_-_extra_absorberend_-_stevige_bak_-_made_in_nl.jpg.mst_.webp","width":1200,"height":1200,"caption":"Lafita Feuchtigkeitsabsorber Perlen 250 Gramm - Beh\u00e4lter mit 2 Nachf\u00fcllungen"},{"@type":"BreadcrumbList","@id":"https:\/\/lafita.eu\/de\/product\/feuchte-eispflege\/feuchtigkeitsabsorber\/lafita-feuchtigkeitsabsorber-perlen-250-gramm-behalter-mit-2-nachfullungen\/#breadcrumb","itemListElement":[{"@type":"ListItem","position":1,"name":"Home","item":"https:\/\/lafita.eu\/de\/"},{"@type":"ListItem","position":2,"name":"Produkte","item":"https:\/\/lafita.eu\/de\/shop\/"},{"@type":"ListItem","position":3,"name":"Lafita Feuchtigkeitsabsorber Perlen 250 Gramm &#8211; Beh\u00e4lter mit 2 Nachf\u00fcllungen"}]},{"@type":"WebSite","@id":"https:\/\/lafita.eu\/de\/#website","url":"https:\/\/lafita.eu\/de\/","name":"Lafita","description":"Refresh Your Life","publisher":{"@id":"https:\/\/lafita.eu\/de\/#organization"},"potentialAction":[{"@type":"SearchAction","target":{"@type":"EntryPoint","urlTemplate":"https:\/\/lafita.eu\/de\/?s={search_term_string}"},"query-input":{"@type":"PropertyValueSpecification","valueRequired":true,"valueName":"search_term_string"}}],"inLanguage":"de"},{"@type":"Organization","@id":"https:\/\/lafita.eu\/de\/#organization","name":"Lafita","url":"https:\/\/lafita.eu\/de\/","logo":{"@type":"ImageObject","inLanguage":"de","@id":"https:\/\/lafita.eu\/de\/#\/schema\/logo\/image\/","url":"","contentUrl":"","caption":"Lafita"},"image":{"@id":"https:\/\/lafita.eu\/de\/#\/schema\/logo\/image\/"},"sameAs":["https:\/\/www.facebook.com\/lafita.refresh.your.life\/","https:\/\/www.instagram.com\/lafita_official\/","https:\/\/www.youtube.com\/@lafita8945"]}]}},"_links":{"self":[{"href":"https:\/\/lafita.eu\/de\/wp-json\/wp\/v2\/product\/7115","targetHints":{"allow":["GET"]}}],"collection":[{"href":"https:\/\/lafita.eu\/de\/wp-json\/wp\/v2\/product"}],"about":[{"href":"https:\/\/lafita.eu\/de\/wp-json\/wp\/v2\/types\/product"}],"wp:featuredmedia":[{"embeddable":true,"href":"https:\/\/lafita.eu\/de\/wp-json\/wp\/v2\/media\/7137"}],"wp:attachment":[{"href":"https:\/\/lafita.eu\/de\/wp-json\/wp\/v2\/media?parent=7115"}],"wp:term":[{"taxonomy":"product_brand","embeddable":true,"href":"https:\/\/lafita.eu\/de\/wp-json\/wp\/v2\/product_brand?post=7115"},{"taxonomy":"product_cat","embeddable":true,"href":"https:\/\/lafita.eu\/de\/wp-json\/wp\/v2\/product_cat?post=7115"},{"taxonomy":"product_tag","embeddable":true,"href":"https:\/\/lafita.eu\/de\/wp-json\/wp\/v2\/product_tag?post=7115"}],"curies":[{"name":"wp","href":"https:\/\/api.w.org\/{rel}","templated":true}]}}